{"id":11,"date":"2024-03-13T09:39:31","date_gmt":"2024-03-13T12:39:31","guid":{"rendered":"https:\/\/imatec.com.br\/novo\/?page_id=11"},"modified":"2026-03-26T08:24:33","modified_gmt":"2026-03-26T11:24:33","slug":"servicos","status":"publish","type":"page","link":"https:\/\/imatec.com.br\/index.php\/servicos\/","title":{"rendered":"SERVI\u00c7OS"},"content":{"rendered":"<style>\/*! elementor - v3.20.0 - 26-03-2024 *\/\n.elementor-heading-title{padding:0;margin:0;line-height:1}.elementor-widget-heading .elementor-heading-title[class*=elementor-size-]>a{color:inherit;font-size:inherit;line-height:inherit}.elementor-widget-heading .elementor-heading-title.elementor-size-small{font-size:15px}.elementor-widget-heading .elementor-heading-title.elementor-size-medium{font-size:19px}.elementor-widget-heading .elementor-heading-title.elementor-size-large{font-size:29px}.elementor-widget-heading .elementor-heading-title.elementor-size-xl{font-size:39px}.elementor-widget-heading .elementor-heading-title.elementor-size-xxl{font-size:59px}<\/style>\n<h2>SERVI\u00c7OS<\/h2>\n<h2>SEGURAN\u00c7A, TECNOLOGIA, RESPONSABILIDADE E PROFISSIONAIS ALTAMENTE QUALIFICADOS, VOC\u00ca ENCONTRA NA IMATEC<\/h2>\n<link rel=\"stylesheet\" href=\"https:\/\/imatec.com.br\/wp-content\/plugins\/elementor-pro\/assets\/css\/widget-call-to-action.min.css\">\t\t<a href=\"https:\/\/imatec.com.br\/index.php\/digitalizacao-de-documentos\/\"><br \/>\n\t\t\t\t\t\t\t\t<\/a><\/p>\n<style>\/*! elementor - v3.20.0 - 26-03-2024 *\/\n.elementor-widget-image{text-align:center}.elementor-widget-image a{display:inline-block}.elementor-widget-image a img[src$=\".svg\"]{width:48px}.elementor-widget-image img{vertical-align:middle;display:inline-block}<\/style>\n<p>\t\t\t\t\t\t\t\t\t\t\t<a href=\"https:\/\/imatec.com.br\/index.php\/digitalizacao-de-documentos\/\"><br \/>\n\t\t\t\t\t\t\t<img decoding=\"async\" width=\"152\" height=\"152\" src=\"https:\/\/imatec.com.br\/wp-content\/uploads\/2024\/03\/digitalizacao-de-documentos-3.png\" alt=\"digitaliza\u00e7\u00e3o-de-documentos\" srcset=\"https:\/\/imatec.com.br\/wp-content\/uploads\/2024\/03\/digitalizacao-de-documentos-3.png 152w, https:\/\/imatec.com.br\/wp-content\/uploads\/2024\/03\/digitalizacao-de-documentos-3-150x150.png 150w\" sizes=\"(max-width: 152px) 100vw, 152px\" \/>\t\t\t\t\t\t\t\t<\/a><br \/>\n\t\t\t<a href=\"https:\/\/imatec.com.br\/index.php\/digitalizacao-de-documentos\/\">DIGITALIZA\u00c7\u00c3O<BR>DE DOCUMENTOS<\/a><br \/>\n\t\t\t\t\t<a href=\"https:\/\/imatec.com.br\/index.php\/guarda-de-documentos\/\"><br \/>\n\t\t\t\t\t\t\t\t<\/a><br \/>\n\t\t\t\t\t\t\t\t\t\t\t\t\t\t<a href=\"https:\/\/imatec.com.br\/index.php\/guarda-de-documentos\/\"><br \/>\n\t\t\t\t\t\t\t<img decoding=\"async\" width=\"152\" height=\"152\" src=\"https:\/\/imatec.com.br\/wp-content\/uploads\/2024\/03\/guarda-de-documentos-1.png\" alt=\"guarda-de-documentos\" srcset=\"https:\/\/imatec.com.br\/wp-content\/uploads\/2024\/03\/guarda-de-documentos-1.png 152w, https:\/\/imatec.com.br\/wp-content\/uploads\/2024\/03\/guarda-de-documentos-1-150x150.png 150w\" sizes=\"(max-width: 152px) 100vw, 152px\" \/>\t\t\t\t\t\t\t\t<\/a><br \/>\n\t\t\t<a href=\"https:\/\/imatec.com.br\/index.php\/guarda-de-documentos\/\">GUARDA<BR>DE DOCUMENTOS<\/a><br \/>\n\t\t\t\t\t<a href=\"https:\/\/imatec.com.br\/index.php\/armazenamento-online\/\"><br \/>\n\t\t\t\t\t\t\t\t<\/a><br \/>\n\t\t\t\t\t\t\t\t\t\t\t\t\t\t<a href=\"https:\/\/imatec.com.br\/index.php\/armazenamento-online\/\"><br \/>\n\t\t\t\t\t\t\t<img decoding=\"async\" width=\"152\" height=\"152\" src=\"https:\/\/imatec.com.br\/wp-content\/uploads\/2024\/03\/armazenamento-online-1.png\" alt=\"\" srcset=\"https:\/\/imatec.com.br\/wp-content\/uploads\/2024\/03\/armazenamento-online-1.png 152w, https:\/\/imatec.com.br\/wp-content\/uploads\/2024\/03\/armazenamento-online-1-150x150.png 150w\" sizes=\"(max-width: 152px) 100vw, 152px\" \/>\t\t\t\t\t\t\t\t<\/a><br \/>\n\t\t\t<a href=\"https:\/\/imatec.com.br\/index.php\/armazenamento-online\/\">ARMAZENAMENTO <br \/>\nONLINE<\/a><br \/>\n\t\t\t\t\t<a href=\"https:\/\/imatec.com.br\/index.php\/ged-tecnologia-em-software\/\"><br \/>\n\t\t\t\t\t\t\t\t<\/a><br \/>\n\t\t\t\t\t\t\t\t\t\t\t\t\t\t<a href=\"https:\/\/imatec.com.br\/index.php\/ged-tecnologia-em-software\/\"><br \/>\n\t\t\t\t\t\t\t<img loading=\"lazy\" decoding=\"async\" width=\"152\" height=\"152\" src=\"https:\/\/imatec.com.br\/wp-content\/uploads\/2024\/03\/gerenciamento-eletronico-de-documentos.png\" alt=\"\" srcset=\"https:\/\/imatec.com.br\/wp-content\/uploads\/2024\/03\/gerenciamento-eletronico-de-documentos.png 152w, https:\/\/imatec.com.br\/wp-content\/uploads\/2024\/03\/gerenciamento-eletronico-de-documentos-150x150.png 150w\" sizes=\"(max-width: 152px) 100vw, 152px\" \/>\t\t\t\t\t\t\t\t<\/a><br \/>\n\t\t\t<a href=\"https:\/\/imatec.com.br\/index.php\/ged-tecnologia-em-software\/\">GED &#8211; TECNOLOGIA<BR>EM SOFTWARE<\/a><br \/>\n\t\t\t\t\t<a href=\"https:\/\/imatec.com.br\/index.php\/bpo-service\/\"><br \/>\n\t\t\t\t\t\t\t\t<\/a><br \/>\n\t\t\t\t\t\t\t\t\t\t\t\t\t\t<a href=\"https:\/\/imatec.com.br\/index.php\/bpo-service\/\"><br \/>\n\t\t\t\t\t\t\t<img loading=\"lazy\" decoding=\"async\" width=\"152\" height=\"152\" src=\"https:\/\/imatec.com.br\/wp-content\/uploads\/2024\/03\/bpo-service-1.png\" alt=\"\" srcset=\"https:\/\/imatec.com.br\/wp-content\/uploads\/2024\/03\/bpo-service-1.png 152w, https:\/\/imatec.com.br\/wp-content\/uploads\/2024\/03\/bpo-service-1-150x150.png 150w\" sizes=\"(max-width: 152px) 100vw, 152px\" \/>\t\t\t\t\t\t\t\t<\/a><br \/>\n\t\t\t<a href=\"https:\/\/imatec.com.br\/index.php\/bpo-service\/\">BPO<BR>SERVICE<\/a><br \/>\n\t\t\t\t\t<a href=\"https:\/\/imatec.com.br\/index.php\/guarda-de-midias\/\"><br \/>\n\t\t\t\t\t\t\t\t<\/a><br \/>\n\t\t\t\t\t\t\t\t\t\t\t\t\t\t<a href=\"https:\/\/imatec.com.br\/index.php\/guarda-de-midias\/\"><br \/>\n\t\t\t\t\t\t\t<img loading=\"lazy\" decoding=\"async\" width=\"152\" height=\"152\" src=\"https:\/\/imatec.com.br\/wp-content\/uploads\/2024\/03\/guarda-de-midias-2.png\" alt=\"guarda-de-m\u00eddias\" srcset=\"https:\/\/imatec.com.br\/wp-content\/uploads\/2024\/03\/guarda-de-midias-2.png 152w, https:\/\/imatec.com.br\/wp-content\/uploads\/2024\/03\/guarda-de-midias-2-150x150.png 150w\" sizes=\"(max-width: 152px) 100vw, 152px\" \/>\t\t\t\t\t\t\t\t<\/a><br \/>\n\t\t\t<a href=\"https:\/\/imatec.com.br\/index.php\/guarda-de-midias\/\">GUARDA<BR>DE M\u00cdDIAS<\/a><\/p>\n","protected":false},"excerpt":{"rendered":"<p>A IMATEC entrega aos clientes detalhamento de todos os aspectos envolvidos no gerenciamento de informa\u00e7\u00f5es. Cobre desde os requisitos t\u00e9cnicos e ambientais necess\u00e1rios at\u00e9 considera\u00e7\u00f5es jur\u00eddicas sobre a destrui\u00e7\u00e3o dos documentos originais. <\/p>\n","protected":false},"author":1,"featured_media":0,"parent":0,"menu_order":0,"comment_status":"closed","ping_status":"closed","template":"elementor_header_footer","meta":{"footnotes":""},"class_list":["post-11","page","type-page","status-publish","hentry"],"_links":{"self":[{"href":"https:\/\/imatec.com.br\/index.php\/wp-json\/wp\/v2\/pages\/11","targetHints":{"allow":["GET"]}}],"collection":[{"href":"https:\/\/imatec.com.br\/index.php\/wp-json\/wp\/v2\/pages"}],"about":[{"href":"https:\/\/imatec.com.br\/index.php\/wp-json\/wp\/v2\/types\/page"}],"author":[{"embeddable":true,"href":"https:\/\/imatec.com.br\/index.php\/wp-json\/wp\/v2\/users\/1"}],"replies":[{"embeddable":true,"href":"https:\/\/imatec.com.br\/index.php\/wp-json\/wp\/v2\/comments?post=11"}],"version-history":[{"count":58,"href":"https:\/\/imatec.com.br\/index.php\/wp-json\/wp\/v2\/pages\/11\/revisions"}],"predecessor-version":[{"id":2659,"href":"https:\/\/imatec.com.br\/index.php\/wp-json\/wp\/v2\/pages\/11\/revisions\/2659"}],"wp:attachment":[{"href":"https:\/\/imatec.com.br\/index.php\/wp-json\/wp\/v2\/media?parent=11"}],"curies":[{"name":"wp","href":"https:\/\/api.w.org\/{rel}","templated":true}]}}