{"id":13,"date":"2024-03-13T09:39:45","date_gmt":"2024-03-13T12:39:45","guid":{"rendered":"https:\/\/imatec.com.br\/novo\/?page_id=13"},"modified":"2024-04-17T15:06:50","modified_gmt":"2024-04-17T18:06:50","slug":"unidades","status":"publish","type":"page","link":"https:\/\/imatec.com.br\/index.php\/unidades\/","title":{"rendered":"UNIDADES"},"content":{"rendered":"\t\t<div data-elementor-type=\"wp-page\" data-elementor-id=\"13\" class=\"elementor elementor-13\" data-elementor-post-type=\"page\">\n\t\t\t\t<div class=\"elementor-element elementor-element-9465eb6 e-flex e-con-boxed e-con e-parent\" data-id=\"9465eb6\" data-element_type=\"container\" data-settings=\"{&quot;background_background&quot;:&quot;slideshow&quot;,&quot;background_slideshow_gallery&quot;:[{&quot;id&quot;:852,&quot;url&quot;:&quot;https:\\\/\\\/imatec.com.br\\\/wp-content\\\/uploads\\\/2024\\\/03\\\/UNIDADES.png&quot;}],&quot;background_slideshow_loop&quot;:&quot;yes&quot;,&quot;background_slideshow_slide_duration&quot;:5000,&quot;background_slideshow_slide_transition&quot;:&quot;fade&quot;,&quot;background_slideshow_transition_duration&quot;:500}\">\n\t\t\t\t\t<div class=\"e-con-inner\">\n\t\t\t\t<div class=\"elementor-element elementor-element-0faec34 elementor-widget elementor-widget-heading\" data-id=\"0faec34\" data-element_type=\"widget\" data-widget_type=\"heading.default\">\n\t\t\t\t<div class=\"elementor-widget-container\">\n\t\t\t\t\t<h2 class=\"elementor-heading-title elementor-size-default\">UNIDADES<\/h2>\t\t\t\t<\/div>\n\t\t\t\t<\/div>\n\t\t\t\t\t<\/div>\n\t\t\t\t<\/div>\n\t\t<div class=\"elementor-element elementor-element-33db64e e-con-full e-flex e-con e-parent\" data-id=\"33db64e\" data-element_type=\"container\">\n\t\t\t\t<div class=\"elementor-element elementor-element-4888c79 elementor-widget elementor-widget-image\" data-id=\"4888c79\" data-element_type=\"widget\" data-widget_type=\"image.default\">\n\t\t\t\t<div class=\"elementor-widget-container\">\n\t\t\t\t\t\t\t\t\t\t\t\t\t\t\t<img fetchpriority=\"high\" decoding=\"async\" width=\"764\" height=\"108\" src=\"https:\/\/imatec.com.br\/wp-content\/uploads\/2024\/04\/11.png\" class=\"attachment-large size-large wp-image-1997\" alt=\"unidades imatec\" srcset=\"https:\/\/imatec.com.br\/wp-content\/uploads\/2024\/04\/11.png 764w, https:\/\/imatec.com.br\/wp-content\/uploads\/2024\/04\/11-300x42.png 300w\" sizes=\"(max-width: 764px) 100vw, 764px\" \/>\t\t\t\t\t\t\t\t\t\t\t\t\t\t\t<\/div>\n\t\t\t\t<\/div>\n\t\t\t\t<div class=\"elementor-element elementor-element-6f06582 elementor-widget elementor-widget-image\" data-id=\"6f06582\" data-element_type=\"widget\" data-widget_type=\"image.default\">\n\t\t\t\t<div class=\"elementor-widget-container\">\n\t\t\t\t\t\t\t\t\t\t\t\t\t\t\t\t<a href=\"https:\/\/www.google.com.br\/maps\/place\/R.+Ant%C3%B4nio+Coelho+de+Souza,+222+-+Embu+Mirim,+Itapecerica+da+Serra+-+SP,+06853-100\/@-23.6998248,-46.852633,17z\/data=!3m1!4b1!4m6!3m5!1s0x94cfad1def647f01:0xdfcfecc0741e4fb3!8m2!3d-23.6998248!4d-46.8500581!16s%2Fg%2F11c43zsfpq?entry=ttu\">\n\t\t\t\t\t\t\t<img decoding=\"async\" width=\"764\" height=\"108\" src=\"https:\/\/imatec.com.br\/wp-content\/uploads\/2024\/04\/21.png\" class=\"attachment-large size-large wp-image-1998\" alt=\"unidades imatec\" srcset=\"https:\/\/imatec.com.br\/wp-content\/uploads\/2024\/04\/21.png 764w, https:\/\/imatec.com.br\/wp-content\/uploads\/2024\/04\/21-300x42.png 300w\" sizes=\"(max-width: 764px) 100vw, 764px\" \/>\t\t\t\t\t\t\t\t<\/a>\n\t\t\t\t\t\t\t\t\t\t\t\t\t\t\t<\/div>\n\t\t\t\t<\/div>\n\t\t\t\t<div class=\"elementor-element elementor-element-4372d69 elementor-widget elementor-widget-image\" data-id=\"4372d69\" data-element_type=\"widget\" data-widget_type=\"image.default\">\n\t\t\t\t<div class=\"elementor-widget-container\">\n\t\t\t\t\t\t\t\t\t\t\t\t\t\t\t\t<a href=\"https:\/\/www.google.com.br\/maps\/place\/Via+das+Samambaias,+44+-+Jardim+Colibri,+Cotia+-+SP,+06713-280\/@-23.6053381,-46.8596913,17z\/data=!3m1!4b1!4m6!3m5!1s0x94cfaa8cd0af9215:0x96a9930ac31a352e!8m2!3d-23.6053381!4d-46.8571164!16s%2Fg%2F11c5j0hmft?entry=ttu\">\n\t\t\t\t\t\t\t<img decoding=\"async\" width=\"764\" height=\"108\" src=\"https:\/\/imatec.com.br\/wp-content\/uploads\/2024\/04\/31.png\" class=\"attachment-large size-large wp-image-1999\" alt=\"unidades imatec\" srcset=\"https:\/\/imatec.com.br\/wp-content\/uploads\/2024\/04\/31.png 764w, https:\/\/imatec.com.br\/wp-content\/uploads\/2024\/04\/31-300x42.png 300w\" sizes=\"(max-width: 764px) 100vw, 764px\" \/>\t\t\t\t\t\t\t\t<\/a>\n\t\t\t\t\t\t\t\t\t\t\t\t\t\t\t<\/div>\n\t\t\t\t<\/div>\n\t\t\t\t<div class=\"elementor-element elementor-element-e528c48 elementor-widget elementor-widget-image\" data-id=\"e528c48\" data-element_type=\"widget\" data-widget_type=\"image.default\">\n\t\t\t\t<div class=\"elementor-widget-container\">\n\t\t\t\t\t\t\t\t\t\t\t\t\t\t\t\t<a href=\"https:\/\/www.google.com.br\/maps\/place\/Estr.+Velha+de+Cotia,+308+-+Jardim+Passargada+I,+Cotia+-+SP,+06712-430\/@-23.600889,-46.8577145,17z\/data=!3m1!4b1!4m6!3m5!1s0x94cfaa8de5ae90f5:0x333de26156bd6c57!8m2!3d-23.600889!4d-46.8551396!16s%2Fg%2F11c5p308__?entry=ttu\">\n\t\t\t\t\t\t\t<img loading=\"lazy\" decoding=\"async\" width=\"764\" height=\"108\" src=\"https:\/\/imatec.com.br\/wp-content\/uploads\/2024\/04\/4.png\" class=\"attachment-large size-large wp-image-2000\" alt=\"unidades imatec\" srcset=\"https:\/\/imatec.com.br\/wp-content\/uploads\/2024\/04\/4.png 764w, https:\/\/imatec.com.br\/wp-content\/uploads\/2024\/04\/4-300x42.png 300w\" sizes=\"(max-width: 764px) 100vw, 764px\" \/>\t\t\t\t\t\t\t\t<\/a>\n\t\t\t\t\t\t\t\t\t\t\t\t\t\t\t<\/div>\n\t\t\t\t<\/div>\n\t\t\t\t<div class=\"elementor-element elementor-element-aecb695 elementor-widget elementor-widget-image\" data-id=\"aecb695\" data-element_type=\"widget\" data-widget_type=\"image.default\">\n\t\t\t\t<div class=\"elementor-widget-container\">\n\t\t\t\t\t\t\t\t\t\t\t\t\t\t\t\t<a href=\"https:\/\/www.google.com.br\/maps\/place\/R.+Vin%C3%ADcius+de+Mor%C3%A3es,+192+-+Embu+Mirim,+Itapecerica+da+Serra+-+SP,+06854-010\/@-23.6990175,-46.8525603,17z\/data=!3m1!4b1!4m6!3m5!1s0x94cfad1e3b77078f:0x7131d0acbf7570fd!8m2!3d-23.6990176!4d-46.8479469!16s%2Fg%2F11f3dpm3bk?entry=ttu\">\n\t\t\t\t\t\t\t<img loading=\"lazy\" decoding=\"async\" width=\"764\" height=\"108\" src=\"https:\/\/imatec.com.br\/wp-content\/uploads\/2024\/04\/5.png\" class=\"attachment-large size-large wp-image-2001\" alt=\"unidades imatec\" srcset=\"https:\/\/imatec.com.br\/wp-content\/uploads\/2024\/04\/5.png 764w, https:\/\/imatec.com.br\/wp-content\/uploads\/2024\/04\/5-300x42.png 300w\" sizes=\"(max-width: 764px) 100vw, 764px\" \/>\t\t\t\t\t\t\t\t<\/a>\n\t\t\t\t\t\t\t\t\t\t\t\t\t\t\t<\/div>\n\t\t\t\t<\/div>\n\t\t\t\t<div class=\"elementor-element elementor-element-4e42de9 elementor-widget elementor-widget-image\" data-id=\"4e42de9\" data-element_type=\"widget\" data-widget_type=\"image.default\">\n\t\t\t\t<div class=\"elementor-widget-container\">\n\t\t\t\t\t\t\t\t\t\t\t\t\t\t\t\t<a href=\"https:\/\/www.google.com.br\/maps\/place\/R.+Vin%C3%ADcius+de+Mor%C3%A3es,+66+-+Embu+Mirim,+Itapecerica+da+Serra+-+SP,+06854-010\/@-23.6982782,-46.8505956,17z\/data=!3m1!4b1!4m6!3m5!1s0x94cface1df508f61:0xbd922dc52f2b276!8m2!3d-23.6982782!4d-46.8480207!16s%2Fg%2F11v0_504xj?entry=ttu\">\n\t\t\t\t\t\t\t<img loading=\"lazy\" decoding=\"async\" width=\"764\" height=\"108\" src=\"https:\/\/imatec.com.br\/wp-content\/uploads\/2024\/04\/6.png\" class=\"attachment-large size-large wp-image-2002\" alt=\"unidades imatec\" srcset=\"https:\/\/imatec.com.br\/wp-content\/uploads\/2024\/04\/6.png 764w, https:\/\/imatec.com.br\/wp-content\/uploads\/2024\/04\/6-300x42.png 300w\" sizes=\"(max-width: 764px) 100vw, 764px\" \/>\t\t\t\t\t\t\t\t<\/a>\n\t\t\t\t\t\t\t\t\t\t\t\t\t\t\t<\/div>\n\t\t\t\t<\/div>\n\t\t\t\t<div class=\"elementor-element elementor-element-f35476b elementor-widget elementor-widget-image\" data-id=\"f35476b\" data-element_type=\"widget\" data-widget_type=\"image.default\">\n\t\t\t\t<div class=\"elementor-widget-container\">\n\t\t\t\t\t\t\t\t\t\t\t\t\t\t\t\t<a href=\"https:\/\/www.google.com.br\/maps\/place\/R.+Jos%C3%A9+Christe,+199+-+Jardim+Lidia+Maria,+Embu-Gua%C3%A7u+-+SP,+06900-000\/@-23.8496,-46.8200066,17z\/data=!3m1!4b1!4m9!1m2!2m1!1sR.+Jos%C3%A9+Christe,+199+-+Jardim+fl%C3%B3rida!3m5!1s0x94ce4ad024a455bb:0x694c14b449a4677e!8m2!3d-23.8496!4d-46.8172634!15sCidSLiBKb3PDqSBDaHJpc3RlLCAxOTkgLSBKYXJkaW0gZmzDs3JpZGGSARBnZW9jb2RlZF9hZGRyZXNz4AEA?entry=ttu\">\n\t\t\t\t\t\t\t<img loading=\"lazy\" decoding=\"async\" width=\"764\" height=\"108\" src=\"https:\/\/imatec.com.br\/wp-content\/uploads\/2024\/04\/7.png\" class=\"attachment-large size-large wp-image-2003\" alt=\"unidades imatec\" srcset=\"https:\/\/imatec.com.br\/wp-content\/uploads\/2024\/04\/7.png 764w, https:\/\/imatec.com.br\/wp-content\/uploads\/2024\/04\/7-300x42.png 300w\" sizes=\"(max-width: 764px) 100vw, 764px\" \/>\t\t\t\t\t\t\t\t<\/a>\n\t\t\t\t\t\t\t\t\t\t\t\t\t\t\t<\/div>\n\t\t\t\t<\/div>\n\t\t\t\t<div class=\"elementor-element elementor-element-335cf4f elementor-widget elementor-widget-image\" data-id=\"335cf4f\" data-element_type=\"widget\" data-widget_type=\"image.default\">\n\t\t\t\t<div class=\"elementor-widget-container\">\n\t\t\t\t\t\t\t\t\t\t\t\t\t\t\t\t<a href=\"https:\/\/www.google.com.br\/maps\/place\/Alameda+dos+Bandeirantes,+1003+-+Jardim+Lidia+Maria,+Embu-Gua%C3%A7u+-+SP,+06900-000\/@-23.8452649,-46.8195871,17z\/data=!3m1!4b1!4m6!3m5!1s0x94ce4ada11da275f:0x1d7180936438cd86!8m2!3d-23.845265!4d-46.8149737!16s%2Fg%2F11rwmhf5m7?entry=ttu\">\n\t\t\t\t\t\t\t<img loading=\"lazy\" decoding=\"async\" width=\"764\" height=\"108\" src=\"https:\/\/imatec.com.br\/wp-content\/uploads\/2024\/04\/8.png\" class=\"attachment-large size-large wp-image-2004\" alt=\"unidades imatec\" srcset=\"https:\/\/imatec.com.br\/wp-content\/uploads\/2024\/04\/8.png 764w, https:\/\/imatec.com.br\/wp-content\/uploads\/2024\/04\/8-300x42.png 300w\" sizes=\"(max-width: 764px) 100vw, 764px\" \/>\t\t\t\t\t\t\t\t<\/a>\n\t\t\t\t\t\t\t\t\t\t\t\t\t\t\t<\/div>\n\t\t\t\t<\/div>\n\t\t\t\t<\/div>\n\t\t<div class=\"elementor-element elementor-element-413921f e-flex e-con-boxed e-con e-parent\" data-id=\"413921f\" data-element_type=\"container\" data-settings=\"{&quot;background_background&quot;:&quot;classic&quot;}\">\n\t\t\t\t\t<div class=\"e-con-inner\">\n\t\t<div class=\"elementor-element elementor-element-4667bf5 e-con-full e-flex e-con e-child\" data-id=\"4667bf5\" data-element_type=\"container\">\n\t\t\t\t<div class=\"elementor-element elementor-element-ca3f97d elementor-widget elementor-widget-text-editor\" data-id=\"ca3f97d\" data-element_type=\"widget\" data-widget_type=\"text-editor.default\">\n\t\t\t\t<div class=\"elementor-widget-container\">\n\t\t\t\t\t\t\t\t\t<p>As instala\u00e7\u00f5es da IMATEC s\u00e3o confort\u00e1veis e seguras, pois possuem acessos controlados e monitorados.\u00a0<\/p><p>Todas as unidades s\u00e3o certificadas com AVCB J4 espec\u00edfico para <strong><a href=\"https:\/\/imatec.com.br\/index.php\/guarda-de-documentos\/\">guarda de documentos<\/a><\/strong> e sistemas de preven\u00e7\u00e3o a inc\u00eandios de \u00faltima gera\u00e7\u00e3o, aprovados por \u00f3rg\u00e3os competentes e com vigil\u00e2ncia 24 horas.<\/p><p>As unidades est\u00e3o localizadas em regi\u00f5es livres de inunda\u00e7\u00f5es e que n\u00e3o fazem divisa com empresas que apresentam atividades de risco ou rotas de avi\u00f5es.<\/p><p>S\u00e3o\u00a0 unidades com alta capacidade de processamento e armazenamento.<\/p><p>A IMATEC possui dois data centers pr\u00f3prios em unidades distintas, internet com v\u00e1rios provedores, autonomia el\u00e9trica, servidores duplicados e rede interna.<\/p>\t\t\t\t\t\t\t\t<\/div>\n\t\t\t\t<\/div>\n\t\t\t\t<\/div>\n\t\t<div class=\"elementor-element elementor-element-f05de3e e-con-full e-flex e-con e-child\" data-id=\"f05de3e\" data-element_type=\"container\">\n\t\t\t\t<div class=\"elementor-element elementor-element-c9f3c7c elementor-widget elementor-widget-image\" data-id=\"c9f3c7c\" data-element_type=\"widget\" data-widget_type=\"image.default\">\n\t\t\t\t<div class=\"elementor-widget-container\">\n\t\t\t\t\t\t\t\t\t\t\t\t\t\t\t<img loading=\"lazy\" decoding=\"async\" width=\"800\" height=\"671\" src=\"https:\/\/imatec.com.br\/wp-content\/uploads\/2024\/03\/UNIDADES-IMATEC.png\" class=\"attachment-large size-large wp-image-906\" alt=\"\" srcset=\"https:\/\/imatec.com.br\/wp-content\/uploads\/2024\/03\/UNIDADES-IMATEC.png 940w, https:\/\/imatec.com.br\/wp-content\/uploads\/2024\/03\/UNIDADES-IMATEC-300x251.png 300w, https:\/\/imatec.com.br\/wp-content\/uploads\/2024\/03\/UNIDADES-IMATEC-768x644.png 768w\" sizes=\"(max-width: 800px) 100vw, 800px\" \/>\t\t\t\t\t\t\t\t\t\t\t\t\t\t\t<\/div>\n\t\t\t\t<\/div>\n\t\t\t\t<\/div>\n\t\t\t\t\t<\/div>\n\t\t\t\t<\/div>\n\t\t<div class=\"elementor-element elementor-element-8bc24d3 e-flex e-con-boxed e-con e-parent\" data-id=\"8bc24d3\" data-element_type=\"container\">\n\t\t\t\t\t<div class=\"e-con-inner\">\n\t\t\t\t<div class=\"elementor-element elementor-element-c3f15b1 elementor-align-center elementor-widget elementor-widget-button\" data-id=\"c3f15b1\" data-element_type=\"widget\" data-widget_type=\"button.default\">\n\t\t\t\t<div class=\"elementor-widget-container\">\n\t\t\t\t\t\t\t\t\t<div class=\"elementor-button-wrapper\">\n\t\t\t\t\t<a class=\"elementor-button elementor-button-link elementor-size-sm\" href=\"https:\/\/imatec.com.br\/index.php\/contato\/\">\n\t\t\t\t\t\t<span class=\"elementor-button-content-wrapper\">\n\t\t\t\t\t\t\t\t\t<span class=\"elementor-button-text\">SAIBA MAIS<\/span>\n\t\t\t\t\t<\/span>\n\t\t\t\t\t<\/a>\n\t\t\t\t<\/div>\n\t\t\t\t\t\t\t\t<\/div>\n\t\t\t\t<\/div>\n\t\t\t\t\t<\/div>\n\t\t\t\t<\/div>\n\t\t\t\t<\/div>\n\t\t","protected":false},"excerpt":{"rendered":"<p>A IMATEC possui unidades pr\u00f3prias, projetadas e constru\u00eddas especificamente para processar e guardar documentos. <\/p>\n","protected":false},"author":1,"featured_media":0,"parent":0,"menu_order":0,"comment_status":"closed","ping_status":"closed","template":"elementor_header_footer","meta":{"footnotes":""},"class_list":["post-13","page","type-page","status-publish","hentry"],"_links":{"self":[{"href":"https:\/\/imatec.com.br\/index.php\/wp-json\/wp\/v2\/pages\/13","targetHints":{"allow":["GET"]}}],"collection":[{"href":"https:\/\/imatec.com.br\/index.php\/wp-json\/wp\/v2\/pages"}],"about":[{"href":"https:\/\/imatec.com.br\/index.php\/wp-json\/wp\/v2\/types\/page"}],"author":[{"embeddable":true,"href":"https:\/\/imatec.com.br\/index.php\/wp-json\/wp\/v2\/users\/1"}],"replies":[{"embeddable":true,"href":"https:\/\/imatec.com.br\/index.php\/wp-json\/wp\/v2\/comments?post=13"}],"version-history":[{"count":70,"href":"https:\/\/imatec.com.br\/index.php\/wp-json\/wp\/v2\/pages\/13\/revisions"}],"predecessor-version":[{"id":2715,"href":"https:\/\/imatec.com.br\/index.php\/wp-json\/wp\/v2\/pages\/13\/revisions\/2715"}],"wp:attachment":[{"href":"https:\/\/imatec.com.br\/index.php\/wp-json\/wp\/v2\/media?parent=13"}],"curies":[{"name":"wp","href":"https:\/\/api.w.org\/{rel}","templated":true}]}}