{"id":1378,"date":"2024-03-27T12:00:53","date_gmt":"2024-03-27T15:00:53","guid":{"rendered":"https:\/\/imatec.com.br\/novo\/?page_id=1378"},"modified":"2024-04-17T14:57:50","modified_gmt":"2024-04-17T17:57:50","slug":"ged-tecnologia-em-software","status":"publish","type":"page","link":"https:\/\/imatec.com.br\/index.php\/ged-tecnologia-em-software\/","title":{"rendered":"GED &#8211; TECNOLOGIA EM SOFTWARE"},"content":{"rendered":"\t\t<div data-elementor-type=\"wp-page\" data-elementor-id=\"1378\" class=\"elementor elementor-1378\" data-elementor-post-type=\"page\">\n\t\t\t\t<div class=\"elementor-element elementor-element-a30695f e-con-full e-flex e-con e-parent\" data-id=\"a30695f\" data-element_type=\"container\">\n\t\t\t\t<div class=\"elementor-element elementor-element-4fa0652 elementor-widget__width-inherit elementor-widget elementor-widget-image\" data-id=\"4fa0652\" data-element_type=\"widget\" data-widget_type=\"image.default\">\n\t\t\t\t<div class=\"elementor-widget-container\">\n\t\t\t\t\t\t\t\t\t\t\t\t\t\t\t<img fetchpriority=\"high\" decoding=\"async\" width=\"1920\" height=\"650\" src=\"https:\/\/imatec.com.br\/wp-content\/uploads\/2024\/03\/ged-tecnologia-em-software.png\" class=\"attachment-full size-full wp-image-1380\" alt=\"ged tecnologia em software\" srcset=\"https:\/\/imatec.com.br\/wp-content\/uploads\/2024\/03\/ged-tecnologia-em-software.png 1920w, https:\/\/imatec.com.br\/wp-content\/uploads\/2024\/03\/ged-tecnologia-em-software-300x102.png 300w, https:\/\/imatec.com.br\/wp-content\/uploads\/2024\/03\/ged-tecnologia-em-software-1024x347.png 1024w, https:\/\/imatec.com.br\/wp-content\/uploads\/2024\/03\/ged-tecnologia-em-software-768x260.png 768w, https:\/\/imatec.com.br\/wp-content\/uploads\/2024\/03\/ged-tecnologia-em-software-1536x520.png 1536w\" sizes=\"(max-width: 1920px) 100vw, 1920px\" \/>\t\t\t\t\t\t\t\t\t\t\t\t\t\t\t<\/div>\n\t\t\t\t<\/div>\n\t\t\t\t<\/div>\n\t\t<div class=\"elementor-element elementor-element-7c19459 e-con-full e-flex e-con e-parent\" data-id=\"7c19459\" data-element_type=\"container\">\n\t\t\t\t<div class=\"elementor-element elementor-element-27af0d2 elementor-widget elementor-widget-heading\" data-id=\"27af0d2\" data-element_type=\"widget\" data-widget_type=\"heading.default\">\n\t\t\t\t<div class=\"elementor-widget-container\">\n\t\t\t\t\t<h2 class=\"elementor-heading-title elementor-size-default\">Gerenciamento Eletr\u00f4nico de Documentos (GED):<br> \nTransformando a Gest\u00e3o de Informa\u00e7\u00f5es<BR> com Tecnologia e Seguran\u00e7a<\/h2>\t\t\t\t<\/div>\n\t\t\t\t<\/div>\n\t\t\t\t<div class=\"elementor-element elementor-element-780070b elementor-widget elementor-widget-text-editor\" data-id=\"780070b\" data-element_type=\"widget\" data-widget_type=\"text-editor.default\">\n\t\t\t\t<div class=\"elementor-widget-container\">\n\t\t\t\t\t\t\t\t\t<p>No mundo empresarial contempor\u00e2neo, o Gerenciamento Eletr\u00f4nico de Documentos (GED), junto \u00e0 Tecnologia ECM (Enterprise Content Management), emerge como uma solu\u00e7\u00e3o revolucion\u00e1ria, oferecendo um caminho eficiente para gerar, controlar, armazenar, compartilhar e recuperar informa\u00e7\u00f5es corporativas.<\/p><p>A <strong>Imatec<\/strong>, l\u00edder no setor com mais de 30 anos de experi\u00eancia, destaca-se pela implementa\u00e7\u00e3o destas tecnologias atrav\u00e9s da plataforma VisualDoc, propiciando uma gest\u00e3o documental segura, acess\u00edvel e econ\u00f4mica.<\/p>\t\t\t\t\t\t\t\t<\/div>\n\t\t\t\t<\/div>\n\t\t\t\t<\/div>\n\t\t<div class=\"elementor-element elementor-element-7f3a38a e-con-full e-flex e-con e-parent\" data-id=\"7f3a38a\" data-element_type=\"container\">\n\t\t<div class=\"elementor-element elementor-element-cdbee29 e-con-full e-flex e-con e-child\" data-id=\"cdbee29\" data-element_type=\"container\">\n\t\t\t\t<div class=\"elementor-element elementor-element-ce51509 elementor-widget elementor-widget-heading\" data-id=\"ce51509\" data-element_type=\"widget\" data-widget_type=\"heading.default\">\n\t\t\t\t<div class=\"elementor-widget-container\">\n\t\t\t\t\t<h2 class=\"elementor-heading-title elementor-size-default\">Por que adotar o GED?<\/h2>\t\t\t\t<\/div>\n\t\t\t\t<\/div>\n\t\t\t\t<div class=\"elementor-element elementor-element-e0f9b9e elementor-widget elementor-widget-text-editor\" data-id=\"e0f9b9e\" data-element_type=\"widget\" data-widget_type=\"text-editor.default\">\n\t\t\t\t<div class=\"elementor-widget-container\">\n\t\t\t\t\t\t\t\t\t<p>O GED elimina a depend\u00eancia de arquivos f\u00edsicos, reduzindo significativamente os custos operacionais relacionados \u00e0 m\u00e3o-de-obra, materiais de insumo e espa\u00e7os de armazenamento.<\/p><p>Esta pr\u00e1tica n\u00e3o s\u00f3 otimiza o uso do espa\u00e7o f\u00edsico e a manuten\u00e7\u00e3o do acervo documental como tamb\u00e9m facilita a busca e recupera\u00e7\u00e3o de documentos, garantindo uma economia tang\u00edvel e sustentabilidade dos recursos empresariais.<\/p>\t\t\t\t\t\t\t\t<\/div>\n\t\t\t\t<\/div>\n\t\t\t\t<\/div>\n\t\t<div class=\"elementor-element elementor-element-8bf6447 e-con-full e-flex e-con e-child\" data-id=\"8bf6447\" data-element_type=\"container\">\n\t\t\t\t<div class=\"elementor-element elementor-element-e8f8b38 elementor-widget elementor-widget-image\" data-id=\"e8f8b38\" data-element_type=\"widget\" data-widget_type=\"image.default\">\n\t\t\t\t<div class=\"elementor-widget-container\">\n\t\t\t\t\t\t\t\t\t\t\t\t\t\t\t<img decoding=\"async\" width=\"600\" height=\"300\" src=\"https:\/\/imatec.com.br\/wp-content\/uploads\/2024\/03\/ged.png\" class=\"attachment-large size-large wp-image-1384\" alt=\"ged\" srcset=\"https:\/\/imatec.com.br\/wp-content\/uploads\/2024\/03\/ged.png 600w, https:\/\/imatec.com.br\/wp-content\/uploads\/2024\/03\/ged-300x150.png 300w\" sizes=\"(max-width: 600px) 100vw, 600px\" \/>\t\t\t\t\t\t\t\t\t\t\t\t\t\t\t<\/div>\n\t\t\t\t<\/div>\n\t\t\t\t<\/div>\n\t\t\t\t<\/div>\n\t\t<div class=\"elementor-element elementor-element-6a558ed e-con-full e-flex e-con e-parent\" data-id=\"6a558ed\" data-element_type=\"container\">\n\t\t\t\t<\/div>\n\t\t<div class=\"elementor-element elementor-element-881f2e3 e-con-full e-flex e-con e-parent\" data-id=\"881f2e3\" data-element_type=\"container\">\n\t\t<div class=\"elementor-element elementor-element-aa442c9 e-con-full e-flex e-con e-child\" data-id=\"aa442c9\" data-element_type=\"container\">\n\t\t\t\t<div class=\"elementor-element elementor-element-0420f29 elementor-widget elementor-widget-heading\" data-id=\"0420f29\" data-element_type=\"widget\" data-widget_type=\"heading.default\">\n\t\t\t\t<div class=\"elementor-widget-container\">\n\t\t\t\t\t<h2 class=\"elementor-heading-title elementor-size-default\">Vantagens do Sistema Visualdoc<\/h2>\t\t\t\t<\/div>\n\t\t\t\t<\/div>\n\t\t\t\t<div class=\"elementor-element elementor-element-1a26ce1 elementor-widget elementor-widget-text-editor\" data-id=\"1a26ce1\" data-element_type=\"widget\" data-widget_type=\"text-editor.default\">\n\t\t\t\t<div class=\"elementor-widget-container\">\n\t\t\t\t\t\t\t\t\t<ol><li><strong>Acesso e Compartilhamento Remoto:<\/strong><\/li><\/ol><p>A plataforma permite o acesso e o compartilhamento de documentos em tempo real, de qualquer lugar, garantindo colabora\u00e7\u00e3o eficaz e decis\u00f5es r\u00e1pidas, fundamentais para a din\u00e2mica empresarial moderna.<\/p><p>\u00a0\u00a0<\/p><ol start=\"2\"><li><strong>Seguran\u00e7a da Informa\u00e7\u00e3o:<\/strong><\/li><\/ol><p>Recursos avan\u00e7ados como criptografia e controle de acesso asseguram a prote\u00e7\u00e3o, confidencialidade e integridade das informa\u00e7\u00f5es, resguardando-as contra acessos indevidos, extravio e falsifica\u00e7\u00e3o.<\/p><p>\u00a0<\/p><ol start=\"3\"><li><strong>Efici\u00eancia Operacional:<\/strong><\/li><\/ol><p>A ado\u00e7\u00e3o do GED e da tecnologia ECM pela Imatec melhora significativamente os processos documentais, automatizando e simplificando tarefas como indexa\u00e7\u00e3o, classifica\u00e7\u00e3o e recupera\u00e7\u00e3o de documentos, permitindo que equipes se dediquem a tarefas mais estrat\u00e9gicas.<\/p>\t\t\t\t\t\t\t\t<\/div>\n\t\t\t\t<\/div>\n\t\t\t\t<\/div>\n\t\t<div class=\"elementor-element elementor-element-99e6e17 e-con-full e-flex e-con e-child\" data-id=\"99e6e17\" data-element_type=\"container\">\n\t\t<div class=\"elementor-element elementor-element-89de497 e-flex e-con-boxed e-con e-child\" data-id=\"89de497\" data-element_type=\"container\">\n\t\t\t\t\t<div class=\"e-con-inner\">\n\t\t\t\t<div class=\"elementor-element elementor-element-33cdba9 elementor-widget elementor-widget-image\" data-id=\"33cdba9\" data-element_type=\"widget\" data-widget_type=\"image.default\">\n\t\t\t\t<div class=\"elementor-widget-container\">\n\t\t\t\t\t\t\t\t\t\t\t\t\t\t\t<img decoding=\"async\" width=\"600\" height=\"300\" src=\"https:\/\/imatec.com.br\/wp-content\/uploads\/2024\/03\/ged-compartilhamento.png\" class=\"attachment-medium_large size-medium_large wp-image-1388\" alt=\"\" srcset=\"https:\/\/imatec.com.br\/wp-content\/uploads\/2024\/03\/ged-compartilhamento.png 600w, https:\/\/imatec.com.br\/wp-content\/uploads\/2024\/03\/ged-compartilhamento-300x150.png 300w\" sizes=\"(max-width: 600px) 100vw, 600px\" \/>\t\t\t\t\t\t\t\t\t\t\t\t\t\t\t<\/div>\n\t\t\t\t<\/div>\n\t\t\t\t\t<\/div>\n\t\t\t\t<\/div>\n\t\t<div class=\"elementor-element elementor-element-f61bc9c e-flex e-con-boxed e-con e-child\" data-id=\"f61bc9c\" data-element_type=\"container\">\n\t\t\t\t\t<div class=\"e-con-inner\">\n\t\t\t\t<div class=\"elementor-element elementor-element-3ffd07a elementor-widget elementor-widget-image\" data-id=\"3ffd07a\" data-element_type=\"widget\" data-widget_type=\"image.default\">\n\t\t\t\t<div class=\"elementor-widget-container\">\n\t\t\t\t\t\t\t\t\t\t\t\t\t\t\t<img loading=\"lazy\" decoding=\"async\" width=\"600\" height=\"300\" src=\"https:\/\/imatec.com.br\/wp-content\/uploads\/2024\/03\/controle-de-acesso.png\" class=\"attachment-medium_large size-medium_large wp-image-1389\" alt=\"controle-de-acesso\" srcset=\"https:\/\/imatec.com.br\/wp-content\/uploads\/2024\/03\/controle-de-acesso.png 600w, https:\/\/imatec.com.br\/wp-content\/uploads\/2024\/03\/controle-de-acesso-300x150.png 300w\" sizes=\"(max-width: 600px) 100vw, 600px\" \/>\t\t\t\t\t\t\t\t\t\t\t\t\t\t\t<\/div>\n\t\t\t\t<\/div>\n\t\t\t\t\t<\/div>\n\t\t\t\t<\/div>\n\t\t\t\t<\/div>\n\t\t\t\t<\/div>\n\t\t<div class=\"elementor-element elementor-element-d43d094 e-con-full e-flex e-con e-parent\" data-id=\"d43d094\" data-element_type=\"container\">\n\t\t<div class=\"elementor-element elementor-element-cc46184 e-con-full e-flex e-con e-child\" data-id=\"cc46184\" data-element_type=\"container\">\n\t\t\t\t<div class=\"elementor-element elementor-element-5a9588e elementor-widget elementor-widget-heading\" data-id=\"5a9588e\" data-element_type=\"widget\" data-widget_type=\"heading.default\">\n\t\t\t\t<div class=\"elementor-widget-container\">\n\t\t\t\t\t<h2 class=\"elementor-heading-title elementor-size-default\">Import\u00e2ncia estrat\u00e9gica do GED e ECM:<\/h2>\t\t\t\t<\/div>\n\t\t\t\t<\/div>\n\t\t\t\t<div class=\"elementor-element elementor-element-b9b5564 elementor-widget elementor-widget-image\" data-id=\"b9b5564\" data-element_type=\"widget\" data-widget_type=\"image.default\">\n\t\t\t\t<div class=\"elementor-widget-container\">\n\t\t\t\t\t\t\t\t\t\t\t\t\t\t\t<img loading=\"lazy\" decoding=\"async\" width=\"600\" height=\"300\" src=\"https:\/\/imatec.com.br\/wp-content\/uploads\/2024\/03\/produtividade.png\" class=\"attachment-large size-large wp-image-1390\" alt=\"produtividade-imatec\" srcset=\"https:\/\/imatec.com.br\/wp-content\/uploads\/2024\/03\/produtividade.png 600w, https:\/\/imatec.com.br\/wp-content\/uploads\/2024\/03\/produtividade-300x150.png 300w\" sizes=\"(max-width: 600px) 100vw, 600px\" \/>\t\t\t\t\t\t\t\t\t\t\t\t\t\t\t<\/div>\n\t\t\t\t<\/div>\n\t\t\t\t<\/div>\n\t\t<div class=\"elementor-element elementor-element-3be5164 e-con-full e-flex e-con e-child\" data-id=\"3be5164\" data-element_type=\"container\">\n\t\t\t\t<div class=\"elementor-element elementor-element-f05845d elementor-widget elementor-widget-text-editor\" data-id=\"f05845d\" data-element_type=\"widget\" data-widget_type=\"text-editor.default\">\n\t\t\t\t<div class=\"elementor-widget-container\">\n\t\t\t\t\t\t\t\t\t<p>A implementa\u00e7\u00e3o do GED e da tecnologia ECM transcende a mera redu\u00e7\u00e3o de custos, representando um avan\u00e7o crucial para a agilidade, seguran\u00e7a e efici\u00eancia na gest\u00e3o documental.<\/p><p>Com a solu\u00e7\u00e3o oferecida pela Imatec, empresas s\u00e3o capazes de transformar a maneira como interagem com seus documentos, impulsionando a produtividade e o sucesso empresarial no contexto digital.<\/p>\t\t\t\t\t\t\t\t<\/div>\n\t\t\t\t<\/div>\n\t\t\t\t<\/div>\n\t\t\t\t<\/div>\n\t\t<div class=\"elementor-element elementor-element-da39700 e-con-full e-flex e-con e-parent\" data-id=\"da39700\" data-element_type=\"container\">\n\t\t\t\t<div class=\"elementor-element elementor-element-182b4e2 elementor-widget elementor-widget-heading\" data-id=\"182b4e2\" data-element_type=\"widget\" data-widget_type=\"heading.default\">\n\t\t\t\t<div class=\"elementor-widget-container\">\n\t\t\t\t\t<h2 class=\"elementor-heading-title elementor-size-default\">Compromisso da Imatec com a Inova\u00e7\u00e3o:<\/h2>\t\t\t\t<\/div>\n\t\t\t\t<\/div>\n\t\t\t\t<\/div>\n\t\t<div class=\"elementor-element elementor-element-f026f80 e-con-full e-flex e-con e-parent\" data-id=\"f026f80\" data-element_type=\"container\">\n\t\t\t\t<div class=\"elementor-element elementor-element-6b30503 elementor-widget elementor-widget-text-editor\" data-id=\"6b30503\" data-element_type=\"widget\" data-widget_type=\"text-editor.default\">\n\t\t\t\t<div class=\"elementor-widget-container\">\n\t\t\t\t\t\t\t\t\t<p>Atrav\u00e9s de uma abordagem personalizada e inovadora, a Imatec n\u00e3o s\u00f3 atende \u00e0s necessidades espec\u00edficas de cada cliente com sua plataforma robusta, como tamb\u00e9m se posiciona como parceira estrat\u00e9gica para empresas que buscam excel\u00eancia e lideran\u00e7a na gest\u00e3o da informa\u00e7\u00e3o.<\/p><p>Ao escolher a Imatec, as empresas garantem n\u00e3o apenas a efici\u00eancia e seguran\u00e7a na gest\u00e3o documental, mas tamb\u00e9m um parceiro comprometido com o avan\u00e7o tecnol\u00f3gico e o sucesso cont\u00ednuo de seus neg\u00f3cios.<\/p>\t\t\t\t\t\t\t\t<\/div>\n\t\t\t\t<\/div>\n\t\t\t\t<\/div>\n\t\t<div class=\"elementor-element elementor-element-f6085b1 e-flex e-con-boxed e-con e-parent\" data-id=\"f6085b1\" data-element_type=\"container\">\n\t\t\t\t\t<div class=\"e-con-inner\">\n\t\t\t\t<div class=\"elementor-element elementor-element-25b9f9d elementor-align-center elementor-widget elementor-widget-button\" data-id=\"25b9f9d\" data-element_type=\"widget\" data-widget_type=\"button.default\">\n\t\t\t\t<div class=\"elementor-widget-container\">\n\t\t\t\t\t\t\t\t\t<div class=\"elementor-button-wrapper\">\n\t\t\t\t\t<a class=\"elementor-button elementor-button-link elementor-size-sm\" href=\"https:\/\/imatec.com.br\/index.php\/contato\/\">\n\t\t\t\t\t\t<span class=\"elementor-button-content-wrapper\">\n\t\t\t\t\t\t\t\t\t<span class=\"elementor-button-text\">SAIBA MAIS<\/span>\n\t\t\t\t\t<\/span>\n\t\t\t\t\t<\/a>\n\t\t\t\t<\/div>\n\t\t\t\t\t\t\t\t<\/div>\n\t\t\t\t<\/div>\n\t\t\t\t\t<\/div>\n\t\t\t\t<\/div>\n\t\t<div class=\"elementor-element elementor-element-30a3c9d e-con-full e-flex e-con e-parent\" data-id=\"30a3c9d\" data-element_type=\"container\">\n\t\t<div class=\"elementor-element elementor-element-2fa93a0 e-con-full e-flex e-con e-child\" data-id=\"2fa93a0\" data-element_type=\"container\">\n\t\t\t\t<div class=\"elementor-element elementor-element-80bed1a elementor-widget elementor-widget-heading\" data-id=\"80bed1a\" data-element_type=\"widget\" data-widget_type=\"heading.default\">\n\t\t\t\t<div class=\"elementor-widget-container\">\n\t\t\t\t\t<h2 class=\"elementor-heading-title elementor-size-default\">VEJA TAMB\u00c9M:<\/h2>\t\t\t\t<\/div>\n\t\t\t\t<\/div>\n\t\t\t\t<\/div>\n\t\t\t\t<\/div>\n\t\t<div class=\"elementor-element elementor-element-1205228 e-con-full e-flex e-con e-parent\" data-id=\"1205228\" data-element_type=\"container\">\n\t\t\t\t<div class=\"elementor-element elementor-element-fdfe7bd elementor-grid-tablet-3 elementor-grid-3 elementor-grid-mobile-1 elementor-posts--thumbnail-top elementor-card-shadow-yes elementor-posts__hover-gradient elementor-widget elementor-widget-posts\" data-id=\"fdfe7bd\" data-element_type=\"widget\" data-settings=\"{&quot;cards_columns_tablet&quot;:&quot;3&quot;,&quot;pagination_type&quot;:&quot;numbers_and_prev_next&quot;,&quot;cards_columns&quot;:&quot;3&quot;,&quot;cards_columns_mobile&quot;:&quot;1&quot;,&quot;cards_row_gap&quot;:{&quot;unit&quot;:&quot;px&quot;,&quot;size&quot;:35,&quot;sizes&quot;:[]},&quot;cards_row_gap_tablet&quot;:{&quot;unit&quot;:&quot;px&quot;,&quot;size&quot;:&quot;&quot;,&quot;sizes&quot;:[]},&quot;cards_row_gap_mobile&quot;:{&quot;unit&quot;:&quot;px&quot;,&quot;size&quot;:&quot;&quot;,&quot;sizes&quot;:[]}}\" data-widget_type=\"posts.cards\">\n\t\t\t\t<div class=\"elementor-widget-container\">\n\t\t\t\t\t\t\t<div class=\"elementor-posts-container elementor-posts elementor-posts--skin-cards elementor-grid\">\n\t\t\t\t<article class=\"elementor-post elementor-grid-item post-1829 post type-post status-publish format-standard has-post-thumbnail hentry category-hospitais\">\n\t\t\t<div class=\"elementor-post__card\">\n\t\t\t\t<a class=\"elementor-post__thumbnail__link\" href=\"https:\/\/imatec.com.br\/index.php\/2024\/03\/30\/revolucionando-a-gestao-de-documentos-na-saude\/\" tabindex=\"-1\" ><div class=\"elementor-post__thumbnail\"><img loading=\"lazy\" decoding=\"async\" width=\"600\" height=\"300\" src=\"https:\/\/imatec.com.br\/wp-content\/uploads\/2024\/03\/hospital.png\" class=\"attachment-full size-full wp-image-1830\" alt=\"hospital\" srcset=\"https:\/\/imatec.com.br\/wp-content\/uploads\/2024\/03\/hospital.png 600w, https:\/\/imatec.com.br\/wp-content\/uploads\/2024\/03\/hospital-300x150.png 300w\" sizes=\"(max-width: 600px) 100vw, 600px\" \/><\/div><\/a>\n\t\t\t\t<div class=\"elementor-post__badge\">HOSPITAIS<\/div>\n\t\t\t\t<div class=\"elementor-post__text\">\n\t\t\t\t<h3 class=\"elementor-post__title\">\n\t\t\t<a href=\"https:\/\/imatec.com.br\/index.php\/2024\/03\/30\/revolucionando-a-gestao-de-documentos-na-saude\/\" >\n\t\t\t\tREVOLUCIONANDO A GEST\u00c3O DE DOCUMENTOS NA SA\u00daDE\t\t\t<\/a>\n\t\t<\/h3>\n\t\t\t\t<div class=\"elementor-post__excerpt\">\n\t\t\t<p>No cen\u00e1rio em constante evolu\u00e7\u00e3o da tecnologia, a digitaliza\u00e7\u00e3o e o armazenamento de documentos se destacam como passos fundamentais. Explore como a IMATEC se destaca<\/p>\n\t\t<\/div>\n\t\t\n\t\t<a class=\"elementor-post__read-more\" href=\"https:\/\/imatec.com.br\/index.php\/2024\/03\/30\/revolucionando-a-gestao-de-documentos-na-saude\/\" aria-label=\"Leia mais sobre REVOLUCIONANDO A GEST\u00c3O DE DOCUMENTOS NA SA\u00daDE\" tabindex=\"-1\" >\n\t\t\tLeia mais \u00bb\t\t<\/a>\n\n\t\t\t\t<\/div>\n\t\t\t\t\t<\/div>\n\t\t<\/article>\n\t\t\t\t<article class=\"elementor-post elementor-grid-item post-1805 post type-post status-publish format-standard has-post-thumbnail hentry category-escritotios-de-advocacia\">\n\t\t\t<div class=\"elementor-post__card\">\n\t\t\t\t<a class=\"elementor-post__thumbnail__link\" href=\"https:\/\/imatec.com.br\/index.php\/2024\/03\/30\/transformando-a-gestao-documental-de-advocacia\/\" tabindex=\"-1\" ><div class=\"elementor-post__thumbnail\"><img loading=\"lazy\" decoding=\"async\" width=\"600\" height=\"300\" src=\"https:\/\/imatec.com.br\/wp-content\/uploads\/2024\/03\/escritorio-de-advocacia.png\" class=\"attachment-full size-full wp-image-1807\" alt=\"\" srcset=\"https:\/\/imatec.com.br\/wp-content\/uploads\/2024\/03\/escritorio-de-advocacia.png 600w, https:\/\/imatec.com.br\/wp-content\/uploads\/2024\/03\/escritorio-de-advocacia-300x150.png 300w\" sizes=\"(max-width: 600px) 100vw, 600px\" \/><\/div><\/a>\n\t\t\t\t<div class=\"elementor-post__badge\">ESCRIT\u00d3TIOS DE ADVOCACIA<\/div>\n\t\t\t\t<div class=\"elementor-post__text\">\n\t\t\t\t<h3 class=\"elementor-post__title\">\n\t\t\t<a href=\"https:\/\/imatec.com.br\/index.php\/2024\/03\/30\/transformando-a-gestao-documental-de-advocacia\/\" >\n\t\t\t\tTRANSFORMANDO A GEST\u00c3O DOCUMENTAL DE ADVOCACIA\t\t\t<\/a>\n\t\t<\/h3>\n\t\t\t\t<div class=\"elementor-post__excerpt\">\n\t\t\t<p>No universo complexo do direito, onde cada detalhe importa, a gest\u00e3o documental \u00e9 uma pe\u00e7a fundamental para o sucesso dos escrit\u00f3rios de advocacia. Reconhecendo essa<\/p>\n\t\t<\/div>\n\t\t\n\t\t<a class=\"elementor-post__read-more\" href=\"https:\/\/imatec.com.br\/index.php\/2024\/03\/30\/transformando-a-gestao-documental-de-advocacia\/\" aria-label=\"Leia mais sobre TRANSFORMANDO A GEST\u00c3O DOCUMENTAL DE ADVOCACIA\" tabindex=\"-1\" >\n\t\t\tLeia mais \u00bb\t\t<\/a>\n\n\t\t\t\t<\/div>\n\t\t\t\t\t<\/div>\n\t\t<\/article>\n\t\t\t\t<article class=\"elementor-post elementor-grid-item post-503 post type-post status-publish format-standard has-post-thumbnail hentry category-ged\">\n\t\t\t<div class=\"elementor-post__card\">\n\t\t\t\t<a class=\"elementor-post__thumbnail__link\" href=\"https:\/\/imatec.com.br\/index.php\/2024\/03\/20\/5-dicas-para-cortar-custos-com-gerenciamento-de-documentos\/\" tabindex=\"-1\" ><div class=\"elementor-post__thumbnail\"><img loading=\"lazy\" decoding=\"async\" width=\"600\" height=\"300\" src=\"https:\/\/imatec.com.br\/wp-content\/uploads\/2024\/03\/1-6.png\" class=\"attachment-full size-full wp-image-1196\" alt=\"\" srcset=\"https:\/\/imatec.com.br\/wp-content\/uploads\/2024\/03\/1-6.png 600w, https:\/\/imatec.com.br\/wp-content\/uploads\/2024\/03\/1-6-300x150.png 300w\" sizes=\"(max-width: 600px) 100vw, 600px\" \/><\/div><\/a>\n\t\t\t\t<div class=\"elementor-post__badge\">GED<\/div>\n\t\t\t\t<div class=\"elementor-post__text\">\n\t\t\t\t<h3 class=\"elementor-post__title\">\n\t\t\t<a href=\"https:\/\/imatec.com.br\/index.php\/2024\/03\/20\/5-dicas-para-cortar-custos-com-gerenciamento-de-documentos\/\" >\n\t\t\t\t5 Dicas para Cortar Custos com <br>Gerenciamento de Documentos\t\t\t<\/a>\n\t\t<\/h3>\n\t\t\t\t<div class=\"elementor-post__excerpt\">\n\t\t\t<p>Em muitas empresas, \u00e9 comum encontrar pilhas de pap\u00e9is e documentos ocupando espa\u00e7os preciosos que poderiam ser utilizados de forma mais eficiente. Felizmente, existem estrat\u00e9gias<\/p>\n\t\t<\/div>\n\t\t\n\t\t<a class=\"elementor-post__read-more\" href=\"https:\/\/imatec.com.br\/index.php\/2024\/03\/20\/5-dicas-para-cortar-custos-com-gerenciamento-de-documentos\/\" aria-label=\"Leia mais sobre 5 Dicas para Cortar Custos com &lt;br&gt;Gerenciamento de Documentos\" tabindex=\"-1\" >\n\t\t\tLeia mais \u00bb\t\t<\/a>\n\n\t\t\t\t<\/div>\n\t\t\t\t\t<\/div>\n\t\t<\/article>\n\t\t\t\t<\/div>\n\t\t\n\t\t\t\t<div class=\"e-load-more-anchor\" data-page=\"1\" data-max-page=\"3\" data-next-page=\"https:\/\/imatec.com.br\/index.php\/wp-json\/wp\/v2\/pages\/1378\/page\/2\/\"><\/div>\n\t\t\t\t<nav class=\"elementor-pagination\" aria-label=\"Pagina\u00e7\u00e3o\">\n\t\t\t<span class=\"page-numbers prev\">&laquo; Anterior<\/span>\n<span aria-current=\"page\" class=\"page-numbers current\"><span class=\"elementor-screen-only\">P\u00e1gina<\/span>1<\/span>\n<a class=\"page-numbers\" href=\"https:\/\/imatec.com.br\/index.php\/wp-json\/wp\/v2\/pages\/1378\/page\/2\/\"><span class=\"elementor-screen-only\">P\u00e1gina<\/span>2<\/a>\n<a class=\"page-numbers\" href=\"https:\/\/imatec.com.br\/index.php\/wp-json\/wp\/v2\/pages\/1378\/page\/3\/\"><span class=\"elementor-screen-only\">P\u00e1gina<\/span>3<\/a>\n<a class=\"page-numbers next\" href=\"https:\/\/imatec.com.br\/index.php\/wp-json\/wp\/v2\/pages\/1378\/page\/2\/\">Seguinte &raquo;<\/a>\t\t<\/nav>\n\t\t\t\t\t\t<\/div>\n\t\t\t\t<\/div>\n\t\t\t\t<\/div>\n\t\t\t\t<\/div>\n\t\t","protected":false},"excerpt":{"rendered":"<p>O Gerenciamento Eletr\u00f4nico de Documentos (GED) \u00e9 uma ferramenta tecnol\u00f3gica que permite \u00e0s empresas gerar, controlar, armazenar, compartilhar e recuperar informa\u00e7\u00f5es contidas em documentos de forma eletr\u00f4nica. <\/p>\n","protected":false},"author":1,"featured_media":0,"parent":0,"menu_order":0,"comment_status":"closed","ping_status":"closed","template":"elementor_header_footer","meta":{"footnotes":""},"class_list":["post-1378","page","type-page","status-publish","hentry"],"_links":{"self":[{"href":"https:\/\/imatec.com.br\/index.php\/wp-json\/wp\/v2\/pages\/1378","targetHints":{"allow":["GET"]}}],"collection":[{"href":"https:\/\/imatec.com.br\/index.php\/wp-json\/wp\/v2\/pages"}],"about":[{"href":"https:\/\/imatec.com.br\/index.php\/wp-json\/wp\/v2\/types\/page"}],"author":[{"embeddable":true,"href":"https:\/\/imatec.com.br\/index.php\/wp-json\/wp\/v2\/users\/1"}],"replies":[{"embeddable":true,"href":"https:\/\/imatec.com.br\/index.php\/wp-json\/wp\/v2\/comments?post=1378"}],"version-history":[{"count":28,"href":"https:\/\/imatec.com.br\/index.php\/wp-json\/wp\/v2\/pages\/1378\/revisions"}],"predecessor-version":[{"id":2697,"href":"https:\/\/imatec.com.br\/index.php\/wp-json\/wp\/v2\/pages\/1378\/revisions\/2697"}],"wp:attachment":[{"href":"https:\/\/imatec.com.br\/index.php\/wp-json\/wp\/v2\/media?parent=1378"}],"curies":[{"name":"wp","href":"https:\/\/api.w.org\/{rel}","templated":true}]}}