{"id":1511,"date":"2024-03-27T15:40:51","date_gmt":"2024-03-27T18:40:51","guid":{"rendered":"https:\/\/imatec.com.br\/novo\/?page_id=1511"},"modified":"2024-04-17T15:00:30","modified_gmt":"2024-04-17T18:00:30","slug":"guarda-de-midias","status":"publish","type":"page","link":"https:\/\/imatec.com.br\/index.php\/guarda-de-midias\/","title":{"rendered":"GUARDA DE M\u00cdDIAS"},"content":{"rendered":"\t\t<div data-elementor-type=\"wp-page\" data-elementor-id=\"1511\" class=\"elementor elementor-1511\" data-elementor-post-type=\"page\">\n\t\t\t\t<div class=\"elementor-element elementor-element-85486f8 e-con-full e-flex e-con e-parent\" data-id=\"85486f8\" data-element_type=\"container\" data-settings=\"{&quot;background_background&quot;:&quot;classic&quot;}\">\n\t\t\t\t<div class=\"elementor-element elementor-element-50992c9 elementor-widget__width-inherit elementor-widget elementor-widget-image\" data-id=\"50992c9\" data-element_type=\"widget\" data-widget_type=\"image.default\">\n\t\t\t\t<div class=\"elementor-widget-container\">\n\t\t\t\t\t\t\t\t\t\t\t\t\t\t\t<img fetchpriority=\"high\" decoding=\"async\" width=\"1920\" height=\"650\" src=\"https:\/\/imatec.com.br\/wp-content\/uploads\/2024\/03\/guarda-de-midias.png\" class=\"attachment-full size-full wp-image-1513\" alt=\"guarda-de-m\u00eddias\" srcset=\"https:\/\/imatec.com.br\/wp-content\/uploads\/2024\/03\/guarda-de-midias.png 1920w, https:\/\/imatec.com.br\/wp-content\/uploads\/2024\/03\/guarda-de-midias-300x102.png 300w, https:\/\/imatec.com.br\/wp-content\/uploads\/2024\/03\/guarda-de-midias-1024x347.png 1024w, https:\/\/imatec.com.br\/wp-content\/uploads\/2024\/03\/guarda-de-midias-768x260.png 768w, https:\/\/imatec.com.br\/wp-content\/uploads\/2024\/03\/guarda-de-midias-1536x520.png 1536w\" sizes=\"(max-width: 1920px) 100vw, 1920px\" \/>\t\t\t\t\t\t\t\t\t\t\t\t\t\t\t<\/div>\n\t\t\t\t<\/div>\n\t\t\t\t<\/div>\n\t\t<div class=\"elementor-element elementor-element-7d0886b e-con-full e-flex e-con e-parent\" data-id=\"7d0886b\" data-element_type=\"container\">\n\t\t\t\t<div class=\"elementor-element elementor-element-ceaf8e4 elementor-widget elementor-widget-heading\" data-id=\"ceaf8e4\" data-element_type=\"widget\" data-widget_type=\"heading.default\">\n\t\t\t\t<div class=\"elementor-widget-container\">\n\t\t\t\t\t<h2 class=\"elementor-heading-title elementor-size-default\">Cust\u00f3dia de M\u00eddias: <br>Garantindo Seguran\u00e7a, Organiza\u00e7\u00e3o <br>e Efici\u00eancia na Gest\u00e3o Documental<\/h2>\t\t\t\t<\/div>\n\t\t\t\t<\/div>\n\t\t\t\t<\/div>\n\t\t<div class=\"elementor-element elementor-element-c818378 e-con-full e-flex e-con e-parent\" data-id=\"c818378\" data-element_type=\"container\">\n\t\t<div class=\"elementor-element elementor-element-dc30d05 e-con-full e-flex e-con e-child\" data-id=\"dc30d05\" data-element_type=\"container\">\n\t\t\t\t<div class=\"elementor-element elementor-element-bda8ab5 elementor-widget elementor-widget-image\" data-id=\"bda8ab5\" data-element_type=\"widget\" data-widget_type=\"image.default\">\n\t\t\t\t<div class=\"elementor-widget-container\">\n\t\t\t\t\t\t\t\t\t\t\t\t\t\t\t<img decoding=\"async\" width=\"300\" height=\"350\" src=\"https:\/\/imatec.com.br\/wp-content\/uploads\/2024\/03\/3-4.png\" class=\"attachment-large size-large wp-image-1514\" alt=\"\" srcset=\"https:\/\/imatec.com.br\/wp-content\/uploads\/2024\/03\/3-4.png 300w, https:\/\/imatec.com.br\/wp-content\/uploads\/2024\/03\/3-4-257x300.png 257w\" sizes=\"(max-width: 300px) 100vw, 300px\" \/>\t\t\t\t\t\t\t\t\t\t\t\t\t\t\t<\/div>\n\t\t\t\t<\/div>\n\t\t\t\t<\/div>\n\t\t<div class=\"elementor-element elementor-element-749e6a2 e-con-full e-flex e-con e-child\" data-id=\"749e6a2\" data-element_type=\"container\">\n\t\t\t\t<div class=\"elementor-element elementor-element-ceae300 elementor-widget elementor-widget-text-editor\" data-id=\"ceae300\" data-element_type=\"widget\" data-widget_type=\"text-editor.default\">\n\t\t\t\t<div class=\"elementor-widget-container\">\n\t\t\t\t\t\t\t\t\t<p>A cust\u00f3dia de m\u00eddias \u00e9 um servi\u00e7o fundamental para empresas que valorizam a preserva\u00e7\u00e3o e o acesso eficiente \u00e0s informa\u00e7\u00f5es contidas em documentos f\u00edsicos e digitais.<\/p><p>Com d\u00e9cadas de experi\u00eancia no setor, a Imatec oferece uma solu\u00e7\u00e3o completa para a gest\u00e3o documental, destacando-se pela seguran\u00e7a, confidencialidade e efici\u00eancia em todos os processos.<\/p>\t\t\t\t\t\t\t\t<\/div>\n\t\t\t\t<\/div>\n\t\t\t\t<\/div>\n\t\t\t\t<\/div>\n\t\t<div class=\"elementor-element elementor-element-547a673 e-con-full e-flex e-con e-parent\" data-id=\"547a673\" data-element_type=\"container\">\n\t\t<div class=\"elementor-element elementor-element-7681063 e-con-full e-flex e-con e-child\" data-id=\"7681063\" data-element_type=\"container\">\n\t\t\t\t<div class=\"elementor-element elementor-element-0f832d6 elementor-widget elementor-widget-heading\" data-id=\"0f832d6\" data-element_type=\"widget\" data-widget_type=\"heading.default\">\n\t\t\t\t<div class=\"elementor-widget-container\">\n\t\t\t\t\t<h2 class=\"elementor-heading-title elementor-size-default\">Servi\u00e7o Abrangente:<\/h2>\t\t\t\t<\/div>\n\t\t\t\t<\/div>\n\t\t\t\t<div class=\"elementor-element elementor-element-67ad1f8 elementor-widget elementor-widget-text-editor\" data-id=\"67ad1f8\" data-element_type=\"widget\" data-widget_type=\"text-editor.default\">\n\t\t\t\t<div class=\"elementor-widget-container\">\n\t\t\t\t\t\t\t\t\t<p>A Imatec oferece um servi\u00e7o abrangente de cust\u00f3dia de m\u00eddias, permitindo que os clientes rastreiem e localizem com precis\u00e3o todas as informa\u00e7\u00f5es de seus documentos.<\/p><p>Al\u00e9m disso, a possibilidade de solicitar a digitaliza\u00e7\u00e3o atrav\u00e9s da Web facilita ainda mais o acesso e a distribui\u00e7\u00e3o dos dados.<\/p>\t\t\t\t\t\t\t\t<\/div>\n\t\t\t\t<\/div>\n\t\t\t\t<\/div>\n\t\t<div class=\"elementor-element elementor-element-d2ae59e e-con-full e-flex e-con e-child\" data-id=\"d2ae59e\" data-element_type=\"container\">\n\t\t\t\t<div class=\"elementor-element elementor-element-1e24048 elementor-widget elementor-widget-heading\" data-id=\"1e24048\" data-element_type=\"widget\" data-widget_type=\"heading.default\">\n\t\t\t\t<div class=\"elementor-widget-container\">\n\t\t\t\t\t<h2 class=\"elementor-heading-title elementor-size-default\">Confidencialidade e Seguran\u00e7a:<\/h2>\t\t\t\t<\/div>\n\t\t\t\t<\/div>\n\t\t\t\t<div class=\"elementor-element elementor-element-2640a2c elementor-widget elementor-widget-text-editor\" data-id=\"2640a2c\" data-element_type=\"widget\" data-widget_type=\"text-editor.default\">\n\t\t\t\t<div class=\"elementor-widget-container\">\n\t\t\t\t\t\t\t\t\t<p>A seguran\u00e7a e a confidencialidade dos documentos s\u00e3o prioridades na abordagem da Imatec.<\/p><p>Os documentos s\u00e3o guardados em ambientes altamente seguros, equipados com tecnologias avan\u00e7adas de detec\u00e7\u00e3o e preven\u00e7\u00e3o de inc\u00eandios.<\/p><p>Essas medidas garantem a prote\u00e7\u00e3o contra danos e acessos n\u00e3o autorizados, assegurando a integridade das informa\u00e7\u00f5es.<\/p>\t\t\t\t\t\t\t\t<\/div>\n\t\t\t\t<\/div>\n\t\t\t\t<\/div>\n\t\t\t\t<\/div>\n\t\t<div class=\"elementor-element elementor-element-be4d72b e-con-full e-flex e-con e-parent\" data-id=\"be4d72b\" data-element_type=\"container\">\n\t\t<div class=\"elementor-element elementor-element-979d6fe e-con-full e-flex e-con e-child\" data-id=\"979d6fe\" data-element_type=\"container\">\n\t\t\t\t<div class=\"elementor-element elementor-element-a459f43 elementor-widget elementor-widget-image\" data-id=\"a459f43\" data-element_type=\"widget\" data-widget_type=\"image.default\">\n\t\t\t\t<div class=\"elementor-widget-container\">\n\t\t\t\t\t\t\t\t\t\t\t\t\t\t\t<img decoding=\"async\" width=\"300\" height=\"350\" src=\"https:\/\/imatec.com.br\/wp-content\/uploads\/2024\/03\/2-5.png\" class=\"attachment-large size-large wp-image-1518\" alt=\"\" srcset=\"https:\/\/imatec.com.br\/wp-content\/uploads\/2024\/03\/2-5.png 300w, https:\/\/imatec.com.br\/wp-content\/uploads\/2024\/03\/2-5-257x300.png 257w\" sizes=\"(max-width: 300px) 100vw, 300px\" \/>\t\t\t\t\t\t\t\t\t\t\t\t\t\t\t<\/div>\n\t\t\t\t<\/div>\n\t\t\t\t<\/div>\n\t\t<div class=\"elementor-element elementor-element-2011c01 e-con-full e-flex e-con e-child\" data-id=\"2011c01\" data-element_type=\"container\">\n\t\t<div class=\"elementor-element elementor-element-4268dce e-con-full e-flex e-con e-child\" data-id=\"4268dce\" data-element_type=\"container\">\n\t\t\t\t<div class=\"elementor-element elementor-element-44c7a2b elementor-widget elementor-widget-heading\" data-id=\"44c7a2b\" data-element_type=\"widget\" data-widget_type=\"heading.default\">\n\t\t\t\t<div class=\"elementor-widget-container\">\n\t\t\t\t\t<h2 class=\"elementor-heading-title elementor-size-default\">Organiza\u00e7\u00e3o e Efici\u00eancia:<\/h2>\t\t\t\t<\/div>\n\t\t\t\t<\/div>\n\t\t\t\t<div class=\"elementor-element elementor-element-cc53b99 elementor-widget elementor-widget-text-editor\" data-id=\"cc53b99\" data-element_type=\"widget\" data-widget_type=\"text-editor.default\">\n\t\t\t\t<div class=\"elementor-widget-container\">\n\t\t\t\t\t\t\t\t\t<p>Ao optar pela cust\u00f3dia de m\u00eddias da Imatec, as empresas ganham n\u00e3o apenas seguran\u00e7a, mas tamb\u00e9m organiza\u00e7\u00e3o e efici\u00eancia na gest\u00e3o documental.<\/p><p>As m\u00eddias s\u00e3o armazenadas em caixas especiais projetadas para m\u00e1xima preserva\u00e7\u00e3o e identificadas com etiquetas de c\u00f3digo de barras, facilitando a localiza\u00e7\u00e3o e recupera\u00e7\u00e3o dos documentos quando necess\u00e1rio.<\/p>\t\t\t\t\t\t\t\t<\/div>\n\t\t\t\t<\/div>\n\t\t\t\t<\/div>\n\t\t<div class=\"elementor-element elementor-element-886fb77 e-con-full e-flex e-con e-child\" data-id=\"886fb77\" data-element_type=\"container\">\n\t\t\t\t<div class=\"elementor-element elementor-element-32c2f28 elementor-widget elementor-widget-heading\" data-id=\"32c2f28\" data-element_type=\"widget\" data-widget_type=\"heading.default\">\n\t\t\t\t<div class=\"elementor-widget-container\">\n\t\t\t\t\t<h2 class=\"elementor-heading-title elementor-size-default\">Redu\u00e7\u00e3o de Custos Operacionais:<\/h2>\t\t\t\t<\/div>\n\t\t\t\t<\/div>\n\t\t\t\t<div class=\"elementor-element elementor-element-ae4c462 elementor-widget elementor-widget-text-editor\" data-id=\"ae4c462\" data-element_type=\"widget\" data-widget_type=\"text-editor.default\">\n\t\t\t\t<div class=\"elementor-widget-container\">\n\t\t\t\t\t\t\t\t\t<p>Uma gest\u00e3o eficiente de documentos resulta em uma significativa redu\u00e7\u00e3o nos custos operacionais das empresas.<\/p><p>Com menos espa\u00e7o f\u00edsico ocupado por arquivos e uma maior agilidade na busca de informa\u00e7\u00f5es, os processos internos tornam-se mais eficientes e econ\u00f4micos, refletindo diretamente na produtividade e competitividade do neg\u00f3cio.<\/p>\t\t\t\t\t\t\t\t<\/div>\n\t\t\t\t<\/div>\n\t\t\t\t<\/div>\n\t\t\t\t<\/div>\n\t\t\t\t<\/div>\n\t\t<div class=\"elementor-element elementor-element-6b8b620 e-con-full e-flex e-con e-parent\" data-id=\"6b8b620\" data-element_type=\"container\">\n\t\t\t\t<div class=\"elementor-element elementor-element-ae3de9f elementor-widget elementor-widget-image\" data-id=\"ae3de9f\" data-element_type=\"widget\" data-widget_type=\"image.default\">\n\t\t\t\t<div class=\"elementor-widget-container\">\n\t\t\t\t\t\t\t\t\t\t\t\t\t\t\t<img loading=\"lazy\" decoding=\"async\" width=\"600\" height=\"300\" src=\"https:\/\/imatec.com.br\/wp-content\/uploads\/2024\/03\/custodia-de-midias.png\" class=\"attachment-large size-large wp-image-1555\" alt=\"guarda de m\u00eddias\" srcset=\"https:\/\/imatec.com.br\/wp-content\/uploads\/2024\/03\/custodia-de-midias.png 600w, https:\/\/imatec.com.br\/wp-content\/uploads\/2024\/03\/custodia-de-midias-300x150.png 300w\" sizes=\"(max-width: 600px) 100vw, 600px\" \/>\t\t\t\t\t\t\t\t\t\t\t\t\t\t\t<\/div>\n\t\t\t\t<\/div>\n\t\t\t\t<\/div>\n\t\t<div class=\"elementor-element elementor-element-ce48c92 e-con-full e-flex e-con e-parent\" data-id=\"ce48c92\" data-element_type=\"container\">\n\t\t\t\t<div class=\"elementor-element elementor-element-898c814 elementor-widget elementor-widget-heading\" data-id=\"898c814\" data-element_type=\"widget\" data-widget_type=\"heading.default\">\n\t\t\t\t<div class=\"elementor-widget-container\">\n\t\t\t\t\t<h2 class=\"elementor-heading-title elementor-size-default\">Preserva\u00e7\u00e3o M\u00e1xima:<\/h2>\t\t\t\t<\/div>\n\t\t\t\t<\/div>\n\t\t\t\t<div class=\"elementor-element elementor-element-78d60fe elementor-widget elementor-widget-text-editor\" data-id=\"78d60fe\" data-element_type=\"widget\" data-widget_type=\"text-editor.default\">\n\t\t\t\t<div class=\"elementor-widget-container\">\n\t\t\t\t\t\t\t\t\t<p>A Imatec adota medidas rigorosas para garantir a m\u00e1xima preserva\u00e7\u00e3o dos documentos sob sua cust\u00f3dia.<\/p><p>Utilizando caixas especiais e protocolos de identifica\u00e7\u00e3o e cataloga\u00e7\u00e3o, cada m\u00eddia \u00e9 cuidadosamente tratada para garantir sua integridade ao longo do tempo, proporcionando tranquilidade aos clientes quanto \u00e0 durabilidade e acessibilidade de seus ativos de informa\u00e7\u00e3o.<\/p><p>Em resumo, a cust\u00f3dia de m\u00eddias oferecida pela Imatec \u00e9 muito mais do que simples armazenamento de documentos.<\/p><p>\u00c9 uma solu\u00e7\u00e3o completa que alia seguran\u00e7a, organiza\u00e7\u00e3o e efici\u00eancia, permitindo que as empresas foquem em suas atividades principais com a certeza de que seus dados est\u00e3o em boas m\u00e3os.<\/p><p>Com a Imatec como parceira, os clientes podem contar com uma gest\u00e3o documental eficaz e adapt\u00e1vel \u00e0s suas necessidades em constante evolu\u00e7\u00e3o.<\/p>\t\t\t\t\t\t\t\t<\/div>\n\t\t\t\t<\/div>\n\t\t\t\t<\/div>\n\t\t<div class=\"elementor-element elementor-element-5ea5f74 e-flex e-con-boxed e-con e-parent\" data-id=\"5ea5f74\" data-element_type=\"container\">\n\t\t\t\t\t<div class=\"e-con-inner\">\n\t\t\t\t<div class=\"elementor-element elementor-element-671c457 elementor-align-center elementor-widget elementor-widget-button\" data-id=\"671c457\" data-element_type=\"widget\" data-widget_type=\"button.default\">\n\t\t\t\t<div class=\"elementor-widget-container\">\n\t\t\t\t\t\t\t\t\t<div class=\"elementor-button-wrapper\">\n\t\t\t\t\t<a class=\"elementor-button elementor-button-link elementor-size-sm\" href=\"https:\/\/imatec.com.br\/index.php\/contato\/\">\n\t\t\t\t\t\t<span class=\"elementor-button-content-wrapper\">\n\t\t\t\t\t\t\t\t\t<span class=\"elementor-button-text\">SAIBA MAIS<\/span>\n\t\t\t\t\t<\/span>\n\t\t\t\t\t<\/a>\n\t\t\t\t<\/div>\n\t\t\t\t\t\t\t\t<\/div>\n\t\t\t\t<\/div>\n\t\t\t\t\t<\/div>\n\t\t\t\t<\/div>\n\t\t<div class=\"elementor-element elementor-element-2dc46fa e-flex e-con-boxed e-con e-parent\" data-id=\"2dc46fa\" data-element_type=\"container\">\n\t\t\t\t\t<div class=\"e-con-inner\">\n\t\t<div class=\"elementor-element elementor-element-c36f73b e-flex e-con-boxed e-con e-child\" data-id=\"c36f73b\" data-element_type=\"container\">\n\t\t\t\t\t<div class=\"e-con-inner\">\n\t\t<div class=\"elementor-element elementor-element-7ee1c32 e-con-full e-flex e-con e-child\" data-id=\"7ee1c32\" data-element_type=\"container\">\n\t\t\t\t<div class=\"elementor-element elementor-element-7e85d78 elementor-widget elementor-widget-heading\" data-id=\"7e85d78\" data-element_type=\"widget\" data-widget_type=\"heading.default\">\n\t\t\t\t<div class=\"elementor-widget-container\">\n\t\t\t\t\t<h2 class=\"elementor-heading-title elementor-size-default\">VEJA TAMB\u00c9M:<\/h2>\t\t\t\t<\/div>\n\t\t\t\t<\/div>\n\t\t\t\t<\/div>\n\t\t\t\t\t<\/div>\n\t\t\t\t<\/div>\n\t\t\t\t\t<\/div>\n\t\t\t\t<\/div>\n\t\t<div class=\"elementor-element elementor-element-28b3738 e-flex e-con-boxed e-con e-parent\" data-id=\"28b3738\" data-element_type=\"container\">\n\t\t\t\t\t<div class=\"e-con-inner\">\n\t\t<div class=\"elementor-element elementor-element-2e3da92 e-flex e-con-boxed e-con e-child\" data-id=\"2e3da92\" data-element_type=\"container\">\n\t\t\t\t\t<div class=\"e-con-inner\">\n\t\t<div class=\"elementor-element elementor-element-1fac423 e-con-full e-flex e-con e-child\" data-id=\"1fac423\" data-element_type=\"container\">\n\t\t\t\t<div class=\"elementor-element elementor-element-f5224f8 elementor-grid-tablet-3 elementor-grid-3 elementor-grid-mobile-1 elementor-posts--thumbnail-top elementor-card-shadow-yes elementor-posts__hover-gradient elementor-widget elementor-widget-posts\" data-id=\"f5224f8\" data-element_type=\"widget\" data-settings=\"{&quot;cards_columns_tablet&quot;:&quot;3&quot;,&quot;pagination_type&quot;:&quot;numbers_and_prev_next&quot;,&quot;cards_columns&quot;:&quot;3&quot;,&quot;cards_columns_mobile&quot;:&quot;1&quot;,&quot;cards_row_gap&quot;:{&quot;unit&quot;:&quot;px&quot;,&quot;size&quot;:35,&quot;sizes&quot;:[]},&quot;cards_row_gap_tablet&quot;:{&quot;unit&quot;:&quot;px&quot;,&quot;size&quot;:&quot;&quot;,&quot;sizes&quot;:[]},&quot;cards_row_gap_mobile&quot;:{&quot;unit&quot;:&quot;px&quot;,&quot;size&quot;:&quot;&quot;,&quot;sizes&quot;:[]}}\" data-widget_type=\"posts.cards\">\n\t\t\t\t<div class=\"elementor-widget-container\">\n\t\t\t\t\t\t\t<div class=\"elementor-posts-container elementor-posts elementor-posts--skin-cards elementor-grid\">\n\t\t\t\t<article class=\"elementor-post elementor-grid-item post-1829 post type-post status-publish format-standard has-post-thumbnail hentry category-hospitais\">\n\t\t\t<div class=\"elementor-post__card\">\n\t\t\t\t<a class=\"elementor-post__thumbnail__link\" href=\"https:\/\/imatec.com.br\/index.php\/2024\/03\/30\/revolucionando-a-gestao-de-documentos-na-saude\/\" tabindex=\"-1\" ><div class=\"elementor-post__thumbnail\"><img loading=\"lazy\" decoding=\"async\" width=\"600\" height=\"300\" src=\"https:\/\/imatec.com.br\/wp-content\/uploads\/2024\/03\/hospital.png\" class=\"attachment-full size-full wp-image-1830\" alt=\"hospital\" srcset=\"https:\/\/imatec.com.br\/wp-content\/uploads\/2024\/03\/hospital.png 600w, https:\/\/imatec.com.br\/wp-content\/uploads\/2024\/03\/hospital-300x150.png 300w\" sizes=\"(max-width: 600px) 100vw, 600px\" \/><\/div><\/a>\n\t\t\t\t<div class=\"elementor-post__badge\">HOSPITAIS<\/div>\n\t\t\t\t<div class=\"elementor-post__text\">\n\t\t\t\t<h3 class=\"elementor-post__title\">\n\t\t\t<a href=\"https:\/\/imatec.com.br\/index.php\/2024\/03\/30\/revolucionando-a-gestao-de-documentos-na-saude\/\" >\n\t\t\t\tREVOLUCIONANDO A GEST\u00c3O DE DOCUMENTOS NA SA\u00daDE\t\t\t<\/a>\n\t\t<\/h3>\n\t\t\t\t<div class=\"elementor-post__excerpt\">\n\t\t\t<p>No cen\u00e1rio em constante evolu\u00e7\u00e3o da tecnologia, a digitaliza\u00e7\u00e3o e o armazenamento de documentos se destacam como passos fundamentais. Explore como a IMATEC se destaca<\/p>\n\t\t<\/div>\n\t\t\n\t\t<a class=\"elementor-post__read-more\" href=\"https:\/\/imatec.com.br\/index.php\/2024\/03\/30\/revolucionando-a-gestao-de-documentos-na-saude\/\" aria-label=\"Leia mais sobre REVOLUCIONANDO A GEST\u00c3O DE DOCUMENTOS NA SA\u00daDE\" tabindex=\"-1\" >\n\t\t\tLeia mais \u00bb\t\t<\/a>\n\n\t\t\t\t<\/div>\n\t\t\t\t\t<\/div>\n\t\t<\/article>\n\t\t\t\t<article class=\"elementor-post elementor-grid-item post-1805 post type-post status-publish format-standard has-post-thumbnail hentry category-escritotios-de-advocacia\">\n\t\t\t<div class=\"elementor-post__card\">\n\t\t\t\t<a class=\"elementor-post__thumbnail__link\" href=\"https:\/\/imatec.com.br\/index.php\/2024\/03\/30\/transformando-a-gestao-documental-de-advocacia\/\" tabindex=\"-1\" ><div class=\"elementor-post__thumbnail\"><img loading=\"lazy\" decoding=\"async\" width=\"600\" height=\"300\" src=\"https:\/\/imatec.com.br\/wp-content\/uploads\/2024\/03\/escritorio-de-advocacia.png\" class=\"attachment-full size-full wp-image-1807\" alt=\"\" srcset=\"https:\/\/imatec.com.br\/wp-content\/uploads\/2024\/03\/escritorio-de-advocacia.png 600w, https:\/\/imatec.com.br\/wp-content\/uploads\/2024\/03\/escritorio-de-advocacia-300x150.png 300w\" sizes=\"(max-width: 600px) 100vw, 600px\" \/><\/div><\/a>\n\t\t\t\t<div class=\"elementor-post__badge\">ESCRIT\u00d3TIOS DE ADVOCACIA<\/div>\n\t\t\t\t<div class=\"elementor-post__text\">\n\t\t\t\t<h3 class=\"elementor-post__title\">\n\t\t\t<a href=\"https:\/\/imatec.com.br\/index.php\/2024\/03\/30\/transformando-a-gestao-documental-de-advocacia\/\" >\n\t\t\t\tTRANSFORMANDO A GEST\u00c3O DOCUMENTAL DE ADVOCACIA\t\t\t<\/a>\n\t\t<\/h3>\n\t\t\t\t<div class=\"elementor-post__excerpt\">\n\t\t\t<p>No universo complexo do direito, onde cada detalhe importa, a gest\u00e3o documental \u00e9 uma pe\u00e7a fundamental para o sucesso dos escrit\u00f3rios de advocacia. Reconhecendo essa<\/p>\n\t\t<\/div>\n\t\t\n\t\t<a class=\"elementor-post__read-more\" href=\"https:\/\/imatec.com.br\/index.php\/2024\/03\/30\/transformando-a-gestao-documental-de-advocacia\/\" aria-label=\"Leia mais sobre TRANSFORMANDO A GEST\u00c3O DOCUMENTAL DE ADVOCACIA\" tabindex=\"-1\" >\n\t\t\tLeia mais \u00bb\t\t<\/a>\n\n\t\t\t\t<\/div>\n\t\t\t\t\t<\/div>\n\t\t<\/article>\n\t\t\t\t<article class=\"elementor-post elementor-grid-item post-503 post type-post status-publish format-standard has-post-thumbnail hentry category-ged\">\n\t\t\t<div class=\"elementor-post__card\">\n\t\t\t\t<a class=\"elementor-post__thumbnail__link\" href=\"https:\/\/imatec.com.br\/index.php\/2024\/03\/20\/5-dicas-para-cortar-custos-com-gerenciamento-de-documentos\/\" tabindex=\"-1\" ><div class=\"elementor-post__thumbnail\"><img loading=\"lazy\" decoding=\"async\" width=\"600\" height=\"300\" src=\"https:\/\/imatec.com.br\/wp-content\/uploads\/2024\/03\/1-6.png\" class=\"attachment-full size-full wp-image-1196\" alt=\"\" srcset=\"https:\/\/imatec.com.br\/wp-content\/uploads\/2024\/03\/1-6.png 600w, https:\/\/imatec.com.br\/wp-content\/uploads\/2024\/03\/1-6-300x150.png 300w\" sizes=\"(max-width: 600px) 100vw, 600px\" \/><\/div><\/a>\n\t\t\t\t<div class=\"elementor-post__badge\">GED<\/div>\n\t\t\t\t<div class=\"elementor-post__text\">\n\t\t\t\t<h3 class=\"elementor-post__title\">\n\t\t\t<a href=\"https:\/\/imatec.com.br\/index.php\/2024\/03\/20\/5-dicas-para-cortar-custos-com-gerenciamento-de-documentos\/\" >\n\t\t\t\t5 Dicas para Cortar Custos com <br>Gerenciamento de Documentos\t\t\t<\/a>\n\t\t<\/h3>\n\t\t\t\t<div class=\"elementor-post__excerpt\">\n\t\t\t<p>Em muitas empresas, \u00e9 comum encontrar pilhas de pap\u00e9is e documentos ocupando espa\u00e7os preciosos que poderiam ser utilizados de forma mais eficiente. Felizmente, existem estrat\u00e9gias<\/p>\n\t\t<\/div>\n\t\t\n\t\t<a class=\"elementor-post__read-more\" href=\"https:\/\/imatec.com.br\/index.php\/2024\/03\/20\/5-dicas-para-cortar-custos-com-gerenciamento-de-documentos\/\" aria-label=\"Leia mais sobre 5 Dicas para Cortar Custos com &lt;br&gt;Gerenciamento de Documentos\" tabindex=\"-1\" >\n\t\t\tLeia mais \u00bb\t\t<\/a>\n\n\t\t\t\t<\/div>\n\t\t\t\t\t<\/div>\n\t\t<\/article>\n\t\t\t\t<\/div>\n\t\t\n\t\t\t\t<div class=\"e-load-more-anchor\" data-page=\"1\" data-max-page=\"3\" data-next-page=\"https:\/\/imatec.com.br\/index.php\/wp-json\/wp\/v2\/pages\/1511\/page\/2\/\"><\/div>\n\t\t\t\t<nav class=\"elementor-pagination\" aria-label=\"Pagina\u00e7\u00e3o\">\n\t\t\t<span class=\"page-numbers prev\">&laquo; Anterior<\/span>\n<span aria-current=\"page\" class=\"page-numbers current\"><span class=\"elementor-screen-only\">P\u00e1gina<\/span>1<\/span>\n<a class=\"page-numbers\" href=\"https:\/\/imatec.com.br\/index.php\/wp-json\/wp\/v2\/pages\/1511\/page\/2\/\"><span class=\"elementor-screen-only\">P\u00e1gina<\/span>2<\/a>\n<a class=\"page-numbers\" href=\"https:\/\/imatec.com.br\/index.php\/wp-json\/wp\/v2\/pages\/1511\/page\/3\/\"><span class=\"elementor-screen-only\">P\u00e1gina<\/span>3<\/a>\n<a class=\"page-numbers next\" href=\"https:\/\/imatec.com.br\/index.php\/wp-json\/wp\/v2\/pages\/1511\/page\/2\/\">Seguinte &raquo;<\/a>\t\t<\/nav>\n\t\t\t\t\t\t<\/div>\n\t\t\t\t<\/div>\n\t\t\t\t<\/div>\n\t\t\t\t\t<\/div>\n\t\t\t\t<\/div>\n\t\t\t\t\t<\/div>\n\t\t\t\t<\/div>\n\t\t\t\t<\/div>\n\t\t","protected":false},"excerpt":{"rendered":"<p>A Cust\u00f3dia de M\u00eddias \u00e9 um servi\u00e7o essencial oferecido pela Imatec, proporcionando seguran\u00e7a e efici\u00eancia na gest\u00e3o de documentos importantes. <\/p>\n","protected":false},"author":1,"featured_media":0,"parent":0,"menu_order":0,"comment_status":"closed","ping_status":"closed","template":"elementor_header_footer","meta":{"footnotes":""},"class_list":["post-1511","page","type-page","status-publish","hentry"],"_links":{"self":[{"href":"https:\/\/imatec.com.br\/index.php\/wp-json\/wp\/v2\/pages\/1511","targetHints":{"allow":["GET"]}}],"collection":[{"href":"https:\/\/imatec.com.br\/index.php\/wp-json\/wp\/v2\/pages"}],"about":[{"href":"https:\/\/imatec.com.br\/index.php\/wp-json\/wp\/v2\/types\/page"}],"author":[{"embeddable":true,"href":"https:\/\/imatec.com.br\/index.php\/wp-json\/wp\/v2\/users\/1"}],"replies":[{"embeddable":true,"href":"https:\/\/imatec.com.br\/index.php\/wp-json\/wp\/v2\/comments?post=1511"}],"version-history":[{"count":16,"href":"https:\/\/imatec.com.br\/index.php\/wp-json\/wp\/v2\/pages\/1511\/revisions"}],"predecessor-version":[{"id":2703,"href":"https:\/\/imatec.com.br\/index.php\/wp-json\/wp\/v2\/pages\/1511\/revisions\/2703"}],"wp:attachment":[{"href":"https:\/\/imatec.com.br\/index.php\/wp-json\/wp\/v2\/media?parent=1511"}],"curies":[{"name":"wp","href":"https:\/\/api.w.org\/{rel}","templated":true}]}}