{"id":9,"date":"2024-03-13T09:39:09","date_gmt":"2024-03-13T12:39:09","guid":{"rendered":"https:\/\/imatec.com.br\/novo\/?page_id=9"},"modified":"2024-09-26T16:48:57","modified_gmt":"2024-09-26T19:48:57","slug":"empresa","status":"publish","type":"page","link":"https:\/\/imatec.com.br\/index.php\/empresa\/","title":{"rendered":"QUEM SOMOS"},"content":{"rendered":"\t\t<div data-elementor-type=\"wp-page\" data-elementor-id=\"9\" class=\"elementor elementor-9\" data-elementor-post-type=\"page\">\n\t\t\t\t<div class=\"elementor-element elementor-element-3b9e277 e-flex e-con-boxed e-con e-parent\" data-id=\"3b9e277\" data-element_type=\"container\" data-settings=\"{&quot;background_background&quot;:&quot;slideshow&quot;,&quot;background_slideshow_gallery&quot;:[{&quot;id&quot;:1666,&quot;url&quot;:&quot;https:\\\/\\\/imatec.com.br\\\/wp-content\\\/uploads\\\/2024\\\/03\\\/11-1.png&quot;}],&quot;background_slideshow_loop&quot;:&quot;yes&quot;,&quot;background_slideshow_slide_duration&quot;:5000,&quot;background_slideshow_slide_transition&quot;:&quot;fade&quot;,&quot;background_slideshow_transition_duration&quot;:500}\">\n\t\t\t\t\t<div class=\"e-con-inner\">\n\t\t\t\t<div class=\"elementor-element elementor-element-1b02b6f elementor-widget elementor-widget-heading\" data-id=\"1b02b6f\" data-element_type=\"widget\" data-widget_type=\"heading.default\">\n\t\t\t\t<div class=\"elementor-widget-container\">\n\t\t\t\t\t<h2 class=\"elementor-heading-title elementor-size-default\">EMPRESA<\/h2>\t\t\t\t<\/div>\n\t\t\t\t<\/div>\n\t\t\t\t\t<\/div>\n\t\t\t\t<\/div>\n\t\t<div class=\"elementor-element elementor-element-1209fc5 e-flex e-con-boxed e-con e-parent\" data-id=\"1209fc5\" data-element_type=\"container\">\n\t\t\t\t\t<div class=\"e-con-inner\">\n\t\t<div class=\"elementor-element elementor-element-0db1691 e-con-full e-flex e-con e-child\" data-id=\"0db1691\" data-element_type=\"container\">\n\t\t<div class=\"elementor-element elementor-element-994a6a1 e-flex e-con-boxed e-con e-child\" data-id=\"994a6a1\" data-element_type=\"container\">\n\t\t\t\t\t<div class=\"e-con-inner\">\n\t\t\t\t<div class=\"elementor-element elementor-element-81225cc elementor-widget elementor-widget-image\" data-id=\"81225cc\" data-element_type=\"widget\" data-widget_type=\"image.default\">\n\t\t\t\t<div class=\"elementor-widget-container\">\n\t\t\t\t\t\t\t\t\t\t\t\t\t\t\t<img fetchpriority=\"high\" decoding=\"async\" width=\"800\" height=\"800\" src=\"https:\/\/imatec.com.br\/wp-content\/uploads\/2024\/03\/MAIS-DE-30-ANOS-1024x1024.png\" class=\"attachment-large size-large wp-image-647\" alt=\"IMATEC\" srcset=\"https:\/\/imatec.com.br\/wp-content\/uploads\/2024\/03\/MAIS-DE-30-ANOS-1024x1024.png 1024w, https:\/\/imatec.com.br\/wp-content\/uploads\/2024\/03\/MAIS-DE-30-ANOS-300x300.png 300w, https:\/\/imatec.com.br\/wp-content\/uploads\/2024\/03\/MAIS-DE-30-ANOS-150x150.png 150w, https:\/\/imatec.com.br\/wp-content\/uploads\/2024\/03\/MAIS-DE-30-ANOS-768x768.png 768w, https:\/\/imatec.com.br\/wp-content\/uploads\/2024\/03\/MAIS-DE-30-ANOS-e1711645684827.png 512w\" sizes=\"(max-width: 800px) 100vw, 800px\" \/>\t\t\t\t\t\t\t\t\t\t\t\t\t\t\t<\/div>\n\t\t\t\t<\/div>\n\t\t\t\t\t<\/div>\n\t\t\t\t<\/div>\n\t\t\t\t<\/div>\n\t\t<div class=\"elementor-element elementor-element-17f42e1 e-con-full e-flex e-con e-child\" data-id=\"17f42e1\" data-element_type=\"container\">\n\t\t\t\t<div class=\"elementor-element elementor-element-4e92195 elementor-widget elementor-widget-text-editor\" data-id=\"4e92195\" data-element_type=\"widget\" data-widget_type=\"text-editor.default\">\n\t\t\t\t<div class=\"elementor-widget-container\">\n\t\t\t\t\t\t\t\t\t<p>A IMATEC foi estabelecida em 1993 com o objetivo de atuar nos segmentos de microfilmagem, <strong><a href=\"https:\/\/imatec.com.br\/index.php\/digitalizacao-de-documentos\/\">digitaliza\u00e7\u00e3o<\/a><\/strong> e <strong><a href=\"https:\/\/imatec.com.br\/index.php\/guarda-de-documentos\/\">guarda de documentos<\/a> <\/strong>e informa\u00e7\u00f5es.<\/p><p>Hoje conta com mais de 300 colaboradores. Tem em seu quadro, profissionais capacitados e com larga experi\u00eancia no mercado para atender cerca de 250 clientes ativos.<\/p><p>Inicialmente, foi projetada para atender institui\u00e7\u00f5es financeiras em processo de terceiriza\u00e7\u00e3o de servi\u00e7os. Atualmente, a IMATEC tem especialidade no atendimento de: <strong><a href=\"https:\/\/imatec.com.br\/index.php\/2024\/03\/30\/revolucionando-a-gestao-de-documentos-na-saude\/\">hospitais<\/a><\/strong>, faculdades, RH de empresas, <strong><a href=\"https:\/\/imatec.com.br\/index.php\/2024\/03\/30\/transformando-a-gestao-documental-de-advocacia\/\">escrit\u00f3rios de advocacia<\/a><\/strong>, transportadoras, multinacionais, conselhos regionais e \u00e1reas p\u00fablicas com BPO completo da informa\u00e7\u00e3o.<\/p><p>Tamb\u00e9m est\u00e1 preparada para outras \u00e1reas, principalmente aqueles clientes que ainda n\u00e3o s\u00e3o usu\u00e1rios de gerenciamento de informa\u00e7\u00f5es.<\/p>\t\t\t\t\t\t\t\t<\/div>\n\t\t\t\t<\/div>\n\t\t\t\t<\/div>\n\t\t\t\t\t<\/div>\n\t\t\t\t<\/div>\n\t\t<div class=\"elementor-element elementor-element-7651857 e-flex e-con-boxed e-con e-parent\" data-id=\"7651857\" data-element_type=\"container\">\n\t\t\t\t\t<div class=\"e-con-inner\">\n\t\t\t\t<div class=\"elementor-element elementor-element-45994e9 elementor-widget elementor-widget-text-editor\" data-id=\"45994e9\" data-element_type=\"widget\" data-widget_type=\"text-editor.default\">\n\t\t\t\t<div class=\"elementor-widget-container\">\n\t\t\t\t\t\t\t\t\t<p>Traz uma nova proposta de trabalho para o mercado de tratamento de informa\u00e7\u00f5es, voltada para o bin\u00f4mio qualidade de servi\u00e7o e um atendimento personalizado ao cliente.<\/p><p>A IMATEC entrega aos clientes detalhamento de todos os aspectos envolvidos no gerenciamento de informa\u00e7\u00f5es. Cobre desde os requisitos t\u00e9cnicos e ambientais necess\u00e1rios at\u00e9 considera\u00e7\u00f5es jur\u00eddicas sobre a destrui\u00e7\u00e3o dos documentos originais.<\/p><p>Somente profissionais bem treinados e devidamente capacitados permitem que o cliente fique satisfeito com os servi\u00e7os prestados.<\/p><p>Equipe comercial conta com um parque de equipamentos de \u00faltima gera\u00e7\u00e3o, garantindo suporte tecnol\u00f3gico imprescind\u00edvel \u00e0 durabilidade e confiabilidade do processo realizado.<\/p>\t\t\t\t\t\t\t\t<\/div>\n\t\t\t\t<\/div>\n\t\t\t\t<div class=\"elementor-element elementor-element-dfeadde elementor-widget elementor-widget-heading\" data-id=\"dfeadde\" data-element_type=\"widget\" data-widget_type=\"heading.default\">\n\t\t\t\t<div class=\"elementor-widget-container\">\n\t\t\t\t\t<h2 class=\"elementor-heading-title elementor-size-default\">Estrutura operacional \u2013 Instala\u00e7\u00f5es seguras e confort\u00e1veis<\/h2>\t\t\t\t<\/div>\n\t\t\t\t<\/div>\n\t\t\t\t\t<\/div>\n\t\t\t\t<\/div>\n\t\t<div class=\"elementor-element elementor-element-4c4da95 e-flex e-con-boxed e-con e-parent\" data-id=\"4c4da95\" data-element_type=\"container\">\n\t\t\t\t\t<div class=\"e-con-inner\">\n\t\t<div class=\"elementor-element elementor-element-2a62dc3 e-con-full e-flex e-con e-child\" data-id=\"2a62dc3\" data-element_type=\"container\">\n\t\t\t\t<div class=\"elementor-element elementor-element-33879a0 elementor-widget elementor-widget-text-editor\" data-id=\"33879a0\" data-element_type=\"widget\" data-widget_type=\"text-editor.default\">\n\t\t\t\t<div class=\"elementor-widget-container\">\n\t\t\t\t\t\t\t\t\t<p>A IMATEC possui <strong><a href=\"https:\/\/imatec.com.br\/index.php\/unidades\/\">unidades pr\u00f3prias<\/a><\/strong>, projetadas e constru\u00eddas especificamente para processar e <strong><a href=\"https:\/\/imatec.com.br\/index.php\/guarda-de-documentos\/\">guardar documentos<\/a><\/strong>.<\/p>\n<p>As unidades est\u00e3o localizadas em regi\u00f5es livres de inunda\u00e7\u00f5es e que n\u00e3o fazem divisa com empresas que apresentam atividades de risco ou rotas de avi\u00f5es.<\/p>\n<p>S\u00e3o 7 unidades nos estados de S\u00e3o Paulo com alta capacidade de processamento e armazenamento.<\/p>\n<p>Tem dois data centers pr\u00f3prios em&nbsp; unidades distintas, internet com v\u00e1rios provedores, autonomia el\u00e9trica, servidores duplicados e rede interna.<\/p>\t\t\t\t\t\t\t\t<\/div>\n\t\t\t\t<\/div>\n\t\t\t\t<\/div>\n\t\t<div class=\"elementor-element elementor-element-c462bd4 e-con-full e-flex e-con e-child\" data-id=\"c462bd4\" data-element_type=\"container\">\n\t\t\t\t<div class=\"elementor-element elementor-element-688b0f2 elementor-widget elementor-widget-image\" data-id=\"688b0f2\" data-element_type=\"widget\" data-widget_type=\"image.default\">\n\t\t\t\t<div class=\"elementor-widget-container\">\n\t\t\t\t\t\t\t\t\t\t\t\t\t\t\t<img decoding=\"async\" width=\"800\" height=\"416\" src=\"https:\/\/imatec.com.br\/wp-content\/uploads\/2024\/03\/bem-vindo-a-imatec-1024x533.png\" class=\"attachment-large size-large wp-image-659\" alt=\"imatec\" srcset=\"https:\/\/imatec.com.br\/wp-content\/uploads\/2024\/03\/bem-vindo-a-imatec-1024x533.png 1024w, https:\/\/imatec.com.br\/wp-content\/uploads\/2024\/03\/bem-vindo-a-imatec-300x156.png 300w, https:\/\/imatec.com.br\/wp-content\/uploads\/2024\/03\/bem-vindo-a-imatec-768x400.png 768w, https:\/\/imatec.com.br\/wp-content\/uploads\/2024\/03\/bem-vindo-a-imatec-1536x800.png 1536w, https:\/\/imatec.com.br\/wp-content\/uploads\/2024\/03\/bem-vindo-a-imatec.png 1920w\" sizes=\"(max-width: 800px) 100vw, 800px\" \/>\t\t\t\t\t\t\t\t\t\t\t\t\t\t\t<\/div>\n\t\t\t\t<\/div>\n\t\t\t\t<\/div>\n\t\t\t\t\t<\/div>\n\t\t\t\t<\/div>\n\t\t<div class=\"elementor-element elementor-element-ec42032 e-flex e-con-boxed e-con e-parent\" data-id=\"ec42032\" data-element_type=\"container\">\n\t\t\t\t\t<div class=\"e-con-inner\">\n\t\t\t\t<div class=\"elementor-element elementor-element-9bcae9a elementor-align-center elementor-widget elementor-widget-button\" data-id=\"9bcae9a\" data-element_type=\"widget\" data-widget_type=\"button.default\">\n\t\t\t\t<div class=\"elementor-widget-container\">\n\t\t\t\t\t\t\t\t\t<div class=\"elementor-button-wrapper\">\n\t\t\t\t\t<a class=\"elementor-button elementor-button-link elementor-size-sm\" href=\"https:\/\/imatec.com.br\/index.php\/contato\/\">\n\t\t\t\t\t\t<span class=\"elementor-button-content-wrapper\">\n\t\t\t\t\t\t\t\t\t<span class=\"elementor-button-text\">SAIBA MAIS<\/span>\n\t\t\t\t\t<\/span>\n\t\t\t\t\t<\/a>\n\t\t\t\t<\/div>\n\t\t\t\t\t\t\t\t<\/div>\n\t\t\t\t<\/div>\n\t\t\t\t\t<\/div>\n\t\t\t\t<\/div>\n\t\t\t\t<\/div>\n\t\t","protected":false},"excerpt":{"rendered":"<p>A IMATEC entrega aos clientes detalhamento de todos os aspectos envolvidos no gerenciamento de informa\u00e7\u00f5es. Cobre desde os requisitos t\u00e9cnicos e ambientais necess\u00e1rios at\u00e9 considera\u00e7\u00f5es jur\u00eddicas sobre a destrui\u00e7\u00e3o dos documentos originais. <\/p>\n","protected":false},"author":1,"featured_media":0,"parent":0,"menu_order":0,"comment_status":"closed","ping_status":"closed","template":"elementor_header_footer","meta":{"footnotes":""},"class_list":["post-9","page","type-page","status-publish","hentry"],"_links":{"self":[{"href":"https:\/\/imatec.com.br\/index.php\/wp-json\/wp\/v2\/pages\/9","targetHints":{"allow":["GET"]}}],"collection":[{"href":"https:\/\/imatec.com.br\/index.php\/wp-json\/wp\/v2\/pages"}],"about":[{"href":"https:\/\/imatec.com.br\/index.php\/wp-json\/wp\/v2\/types\/page"}],"author":[{"embeddable":true,"href":"https:\/\/imatec.com.br\/index.php\/wp-json\/wp\/v2\/users\/1"}],"replies":[{"embeddable":true,"href":"https:\/\/imatec.com.br\/index.php\/wp-json\/wp\/v2\/comments?post=9"}],"version-history":[{"count":61,"href":"https:\/\/imatec.com.br\/index.php\/wp-json\/wp\/v2\/pages\/9\/revisions"}],"predecessor-version":[{"id":2901,"href":"https:\/\/imatec.com.br\/index.php\/wp-json\/wp\/v2\/pages\/9\/revisions\/2901"}],"wp:attachment":[{"href":"https:\/\/imatec.com.br\/index.php\/wp-json\/wp\/v2\/media?parent=9"}],"curies":[{"name":"wp","href":"https:\/\/api.w.org\/{rel}","templated":true}]}}